{"id":245,"date":"2021-06-10T08:39:04","date_gmt":"2021-06-10T08:39:04","guid":{"rendered":"https:\/\/italiaverona.ms.decms.eu\/arena\/prezzi\/"},"modified":"2026-01-25T14:43:24","modified_gmt":"2026-01-25T14:43:24","slug":"prezzi","status":"publish","type":"page","link":"https:\/\/www.hotelitaliaverona.it\/pt-pt\/arena\/prezzi\/","title":{"rendered":"Prezzi 2025"},"content":{"rendered":"<table>\n<tbody>\n<tr>\n<th style=\"text-align: center\"><\/th>\n<th style=\"text-align: center\"><\/th>\n<\/tr>\n<\/tbody>\n<\/table>\n<table class=\" aligncenter\" width=\"861\">\n<tbody>\n<tr>\n<td width=\"276\">TICKETS<br \/>\nPrezzo per personaPrice per person<\/td>\n<td width=\"195\">Premiere La Traviata 12-13.06<\/td>\n<td width=\"195\"><strong>Altre date<\/strong><\/p>\n<p>Other dates<\/td>\n<td width=\"195\">Roberto Bolle 21.07; Carmina Burana 13.08;<br \/>\nViva Vivaldi 19.08<\/td>\n<\/tr>\n<tr>\n<td width=\"276\">Poltronissima Platinum<\/td>\n<td width=\"195\">\u20ac 395,00<\/td>\n<td width=\"195\">\u20ac 326,00<\/td>\n<td width=\"195\">\u20ac 289,00<\/td>\n<\/tr>\n<tr>\n<td width=\"276\">Poltronissima Gold<\/td>\n<td width=\"195\">\u20ac 320,50<\/td>\n<td width=\"195\">\u20ac 268,00<\/td>\n<td width=\"195\">\u20ac 240,50<\/td>\n<\/tr>\n<tr>\n<td width=\"276\">Poltronissima Silver<\/td>\n<td width=\"195\">\u20ac 288,50<\/td>\n<td width=\"195\">\u20ac 230,00<\/td>\n<td width=\"195\">\u20ac 214,50<\/td>\n<\/tr>\n<tr>\n<td width=\"276\">Poltronissima Silver Easy<\/td>\n<td width=\"195\">\u20ac 288,50<\/td>\n<td width=\"195\">\u20ac 230,00<\/td>\n<td width=\"195\">\u20ac 193,00<\/td>\n<\/tr>\n<tr>\n<td width=\"276\">Poltronissima<\/td>\n<td width=\"195\">\u20ac 251,50<\/td>\n<td width=\"195\">\u20ac 199,00<\/td>\n<td width=\"195\">\u20ac 182,50<\/td>\n<\/tr>\n<tr>\n<td width=\"276\">Poltrona Platea<\/td>\n<td width=\"195\">\u20ac 219,50<\/td>\n<td width=\"195\">\u20ac 167,00<\/td>\n<td width=\"195\">\u20ac 156,00<\/td>\n<\/tr>\n<tr>\n<td width=\"276\">Poltrona Tribuna<\/td>\n<td width=\"195\">\u20ac 219,50<\/td>\n<td width=\"195\">\u20ac 151,00<\/td>\n<td width=\"195\">\u20ac 140,00<\/td>\n<\/tr>\n<tr>\n<td width=\"276\">1\u00b0 settore VERDI<\/td>\n<td width=\"195\">\u20ac 172,00<\/td>\n<td width=\"195\">\u20ac 146,00<\/td>\n<td width=\"195\">\u20ac 129,50<\/td>\n<\/tr>\n<tr>\n<td width=\"276\">2\u00b0 settore PUCCINI<\/td>\n<td width=\"195\">\u20ac 140,00<\/td>\n<td width=\"195\">\u20ac 119,00<\/td>\n<td width=\"195\">\u20ac 108,50<\/td>\n<\/tr>\n<tr>\n<td width=\"276\">3\u00b0 settore ROSSINI<\/td>\n<td width=\"195\">\u20ac 113,50<\/td>\n<td width=\"195\">\u20ac 93,00<\/td>\n<td width=\"195\">\u20ac 82,00<\/td>\n<\/tr>\n<tr>\n<td width=\"276\">4\u00b0 settore Gradinata Numerata<\/td>\n<td width=\"195\">\u20ac 87,00<\/td>\n<td width=\"195\">\u20ac 75,00<\/td>\n<td width=\"195\">\u20ac 63,00<\/td>\n<\/tr>\n<tr>\n<td width=\"276\">5\u00b0 settore Gradinata Numerata<\/td>\n<td width=\"195\">\u20ac 66,00<\/td>\n<td width=\"195\">\u20ac 56,00<\/td>\n<td width=\"195\">\u20ac 45,00<\/td>\n<\/tr>\n<tr>\n<td width=\"276\">6\u00b0 settore Gradinata Numerata<\/td>\n<td width=\"195\">\u20ac 48,00<\/td>\n<td width=\"195\">\u20ac 45,00<\/td>\n<td width=\"195\">\u20ac 39,50<\/td>\n<\/tr>\n<\/tbody>\n<\/table>\n<p>&nbsp;<\/p>\n<hr \/>\n<p data-path-to-node=\"3\"><b data-path-to-node=\"3\" data-index-in-node=\"0\">Termos e Condi\u00e7\u00f5es de Compra<\/b> Informamos que os bilhetes adquiridos n\u00e3o s\u00e3o reembols\u00e1veis nem pass\u00edveis de altera\u00e7\u00e3o.<\/p>\n<p data-path-to-node=\"4\"><b data-path-to-node=\"4\" data-index-in-node=\"0\">Nota Informativa sobre Custos<\/b> Informamos os nossos estimados clientes que o pre\u00e7o dos bilhetes fornecidos atrav\u00e9s do nosso servi\u00e7o inclui a comiss\u00e3o de pr\u00e9-venda e os custos de gest\u00e3o administrativa internos do hotel.<\/p>\n<hr \/>\n<p><img loading=\"lazy\" decoding=\"async\" class=\"alignnone wp-image-1035 aligncenter\" src=\"https:\/\/www.hotelitaliaverona.it\/wp-content\/uploads\/sites\/313\/2022\/11\/20221017_Fond-Arena_PIANTA-68x48-con-posti-def_low_page-0001-1024x723.jpg\" alt=\"\" width=\"630\" height=\"445\" srcset=\"https:\/\/www.hotelitaliaverona.it\/wp-content\/uploads\/sites\/313\/2022\/11\/20221017_Fond-Arena_PIANTA-68x48-con-posti-def_low_page-0001-1024x723.jpg 1024w, https:\/\/www.hotelitaliaverona.it\/wp-content\/uploads\/sites\/313\/2022\/11\/20221017_Fond-Arena_PIANTA-68x48-con-posti-def_low_page-0001-300x212.jpg 300w, https:\/\/www.hotelitaliaverona.it\/wp-content\/uploads\/sites\/313\/2022\/11\/20221017_Fond-Arena_PIANTA-68x48-con-posti-def_low_page-0001-768x542.jpg 768w, https:\/\/www.hotelitaliaverona.it\/wp-content\/uploads\/sites\/313\/2022\/11\/20221017_Fond-Arena_PIANTA-68x48-con-posti-def_low_page-0001-1536x1084.jpg 1536w, https:\/\/www.hotelitaliaverona.it\/wp-content\/uploads\/sites\/313\/2022\/11\/20221017_Fond-Arena_PIANTA-68x48-con-posti-def_low_page-0001-800x565.jpg 800w, https:\/\/www.hotelitaliaverona.it\/wp-content\/uploads\/sites\/313\/2022\/11\/20221017_Fond-Arena_PIANTA-68x48-con-posti-def_low_page-0001.jpg 1700w\" sizes=\"auto, (max-width: 630px) 100vw, 630px\" \/><\/p>\n","protected":false},"excerpt":{"rendered":"<p>TICKETS Prezzo per personaPrice per person Premiere La Traviata 12-13.06 Altre date Other dates Roberto Bolle 21.07; Carmina Burana 13.08; Viva Vivaldi 19.08 Poltronissima Platinum \u20ac 395,00 \u20ac 326,00 \u20ac 289,00 Poltronissima Gold \u20ac 320,50 \u20ac 268,00 \u20ac 240,50 Poltronissima Silver \u20ac 288,50 \u20ac 230,00 \u20ac 214,50 Poltronissima Silver Easy \u20ac 288,50 \u20ac 230,00 \u20ac [&hellip;]<\/p>\n","protected":false},"author":7,"featured_media":0,"parent":232,"menu_order":0,"comment_status":"closed","ping_status":"closed","template":"","meta":{"footnotes":""},"class_list":["post-245","page","type-page","status-publish","hentry"],"yoast_head":"<!-- This site is optimized with the Yoast SEO plugin v26.9 - https:\/\/yoast.com\/product\/yoast-seo-wordpress\/ -->\n<title>Prezzi 2025 - Hotel Italia Verona<\/title>\n<meta name=\"robots\" content=\"index, follow, max-snippet:-1, max-image-preview:large, max-video-preview:-1\" \/>\n<link rel=\"canonical\" href=\"https:\/\/www.hotelitaliaverona.it\/pt-pt\/arena\/prezzi\/\" \/>\n<meta property=\"og:locale\" content=\"pt_PT\" \/>\n<meta property=\"og:type\" content=\"article\" \/>\n<meta property=\"og:title\" content=\"Prezzi 2025 - Hotel Italia Verona\" \/>\n<meta property=\"og:description\" content=\"TICKETS Prezzo per personaPrice per person Premiere La Traviata 12-13.06 Altre date Other dates Roberto Bolle 21.07; Carmina Burana 13.08; Viva Vivaldi 19.08 Poltronissima Platinum \u20ac 395,00 \u20ac 326,00 \u20ac 289,00 Poltronissima Gold \u20ac 320,50 \u20ac 268,00 \u20ac 240,50 Poltronissima Silver \u20ac 288,50 \u20ac 230,00 \u20ac 214,50 Poltronissima Silver Easy \u20ac 288,50 \u20ac 230,00 \u20ac [&hellip;]\" \/>\n<meta property=\"og:url\" content=\"https:\/\/www.hotelitaliaverona.it\/pt-pt\/arena\/prezzi\/\" \/>\n<meta property=\"og:site_name\" content=\"Hotel Italia Verona\" \/>\n<meta property=\"article:modified_time\" content=\"2026-01-25T14:43:24+00:00\" \/>\n<meta property=\"og:image\" content=\"https:\/\/www.hotelitaliaverona.it\/wp-content\/uploads\/sites\/313\/2022\/11\/20221017_Fond-Arena_PIANTA-68x48-con-posti-def_low_page-0001-1024x723.jpg\" \/>\n<meta name=\"twitter:card\" content=\"summary_large_image\" \/>\n<meta name=\"twitter:label1\" content=\"Tempo estimado de leitura\" \/>\n\t<meta name=\"twitter:data1\" content=\"2 minutos\" \/>\n<script type=\"application\/ld+json\" class=\"yoast-schema-graph\">{\"@context\":\"https:\/\/schema.org\",\"@graph\":[{\"@type\":\"WebPage\",\"@id\":\"https:\/\/www.hotelitaliaverona.it\/pt-pt\/arena\/prezzi\/\",\"url\":\"https:\/\/www.hotelitaliaverona.it\/pt-pt\/arena\/prezzi\/\",\"name\":\"Prezzi 2025 - Hotel Italia Verona\",\"isPartOf\":{\"@id\":\"https:\/\/www.hotelitaliaverona.it\/pt-pt\/#website\"},\"primaryImageOfPage\":{\"@id\":\"https:\/\/www.hotelitaliaverona.it\/pt-pt\/arena\/prezzi\/#primaryimage\"},\"image\":{\"@id\":\"https:\/\/www.hotelitaliaverona.it\/pt-pt\/arena\/prezzi\/#primaryimage\"},\"thumbnailUrl\":\"https:\/\/www.hotelitaliaverona.it\/wp-content\/uploads\/sites\/313\/2022\/11\/20221017_Fond-Arena_PIANTA-68x48-con-posti-def_low_page-0001-1024x723.jpg\",\"datePublished\":\"2021-06-10T08:39:04+00:00\",\"dateModified\":\"2026-01-25T14:43:24+00:00\",\"breadcrumb\":{\"@id\":\"https:\/\/www.hotelitaliaverona.it\/pt-pt\/arena\/prezzi\/#breadcrumb\"},\"inLanguage\":\"pt-PT\",\"potentialAction\":[{\"@type\":\"ReadAction\",\"target\":[\"https:\/\/www.hotelitaliaverona.it\/pt-pt\/arena\/prezzi\/\"]}]},{\"@type\":\"ImageObject\",\"inLanguage\":\"pt-PT\",\"@id\":\"https:\/\/www.hotelitaliaverona.it\/pt-pt\/arena\/prezzi\/#primaryimage\",\"url\":\"https:\/\/www.hotelitaliaverona.it\/wp-content\/uploads\/sites\/313\/2022\/11\/20221017_Fond-Arena_PIANTA-68x48-con-posti-def_low_page-0001-1024x723.jpg\",\"contentUrl\":\"https:\/\/www.hotelitaliaverona.it\/wp-content\/uploads\/sites\/313\/2022\/11\/20221017_Fond-Arena_PIANTA-68x48-con-posti-def_low_page-0001-1024x723.jpg\"},{\"@type\":\"BreadcrumbList\",\"@id\":\"https:\/\/www.hotelitaliaverona.it\/pt-pt\/arena\/prezzi\/#breadcrumb\",\"itemListElement\":[{\"@type\":\"ListItem\",\"position\":1,\"name\":\"Home\",\"item\":\"https:\/\/www.hotelitaliaverona.it\/pt-pt\/\"},{\"@type\":\"ListItem\",\"position\":2,\"name\":\"Arena\",\"item\":\"https:\/\/www.hotelitaliaverona.it\/pt-pt\/arena\/\"},{\"@type\":\"ListItem\",\"position\":3,\"name\":\"Prezzi 2025\"}]},{\"@type\":\"WebSite\",\"@id\":\"https:\/\/www.hotelitaliaverona.it\/pt-pt\/#website\",\"url\":\"https:\/\/www.hotelitaliaverona.it\/pt-pt\/\",\"name\":\"Hotel Italia Verona\",\"description\":\"Just another ms.decms.eu site\",\"potentialAction\":[{\"@type\":\"SearchAction\",\"target\":{\"@type\":\"EntryPoint\",\"urlTemplate\":\"https:\/\/www.hotelitaliaverona.it\/pt-pt\/?s={search_term_string}\"},\"query-input\":{\"@type\":\"PropertyValueSpecification\",\"valueRequired\":true,\"valueName\":\"search_term_string\"}}],\"inLanguage\":\"pt-PT\"}]}<\/script>\n<!-- \/ Yoast SEO plugin. -->","yoast_head_json":{"title":"Prezzi 2025 - Hotel Italia Verona","robots":{"index":"index","follow":"follow","max-snippet":"max-snippet:-1","max-image-preview":"max-image-preview:large","max-video-preview":"max-video-preview:-1"},"canonical":"https:\/\/www.hotelitaliaverona.it\/pt-pt\/arena\/prezzi\/","og_locale":"pt_PT","og_type":"article","og_title":"Prezzi 2025 - Hotel Italia Verona","og_description":"TICKETS Prezzo per personaPrice per person Premiere La Traviata 12-13.06 Altre date Other dates Roberto Bolle 21.07; Carmina Burana 13.08; Viva Vivaldi 19.08 Poltronissima Platinum \u20ac 395,00 \u20ac 326,00 \u20ac 289,00 Poltronissima Gold \u20ac 320,50 \u20ac 268,00 \u20ac 240,50 Poltronissima Silver \u20ac 288,50 \u20ac 230,00 \u20ac 214,50 Poltronissima Silver Easy \u20ac 288,50 \u20ac 230,00 \u20ac [&hellip;]","og_url":"https:\/\/www.hotelitaliaverona.it\/pt-pt\/arena\/prezzi\/","og_site_name":"Hotel Italia Verona","article_modified_time":"2026-01-25T14:43:24+00:00","og_image":[{"url":"https:\/\/www.hotelitaliaverona.it\/wp-content\/uploads\/sites\/313\/2022\/11\/20221017_Fond-Arena_PIANTA-68x48-con-posti-def_low_page-0001-1024x723.jpg","type":"","width":"","height":""}],"twitter_card":"summary_large_image","twitter_misc":{"Tempo estimado de leitura":"2 minutos"},"schema":{"@context":"https:\/\/schema.org","@graph":[{"@type":"WebPage","@id":"https:\/\/www.hotelitaliaverona.it\/pt-pt\/arena\/prezzi\/","url":"https:\/\/www.hotelitaliaverona.it\/pt-pt\/arena\/prezzi\/","name":"Prezzi 2025 - Hotel Italia Verona","isPartOf":{"@id":"https:\/\/www.hotelitaliaverona.it\/pt-pt\/#website"},"primaryImageOfPage":{"@id":"https:\/\/www.hotelitaliaverona.it\/pt-pt\/arena\/prezzi\/#primaryimage"},"image":{"@id":"https:\/\/www.hotelitaliaverona.it\/pt-pt\/arena\/prezzi\/#primaryimage"},"thumbnailUrl":"https:\/\/www.hotelitaliaverona.it\/wp-content\/uploads\/sites\/313\/2022\/11\/20221017_Fond-Arena_PIANTA-68x48-con-posti-def_low_page-0001-1024x723.jpg","datePublished":"2021-06-10T08:39:04+00:00","dateModified":"2026-01-25T14:43:24+00:00","breadcrumb":{"@id":"https:\/\/www.hotelitaliaverona.it\/pt-pt\/arena\/prezzi\/#breadcrumb"},"inLanguage":"pt-PT","potentialAction":[{"@type":"ReadAction","target":["https:\/\/www.hotelitaliaverona.it\/pt-pt\/arena\/prezzi\/"]}]},{"@type":"ImageObject","inLanguage":"pt-PT","@id":"https:\/\/www.hotelitaliaverona.it\/pt-pt\/arena\/prezzi\/#primaryimage","url":"https:\/\/www.hotelitaliaverona.it\/wp-content\/uploads\/sites\/313\/2022\/11\/20221017_Fond-Arena_PIANTA-68x48-con-posti-def_low_page-0001-1024x723.jpg","contentUrl":"https:\/\/www.hotelitaliaverona.it\/wp-content\/uploads\/sites\/313\/2022\/11\/20221017_Fond-Arena_PIANTA-68x48-con-posti-def_low_page-0001-1024x723.jpg"},{"@type":"BreadcrumbList","@id":"https:\/\/www.hotelitaliaverona.it\/pt-pt\/arena\/prezzi\/#breadcrumb","itemListElement":[{"@type":"ListItem","position":1,"name":"Home","item":"https:\/\/www.hotelitaliaverona.it\/pt-pt\/"},{"@type":"ListItem","position":2,"name":"Arena","item":"https:\/\/www.hotelitaliaverona.it\/pt-pt\/arena\/"},{"@type":"ListItem","position":3,"name":"Prezzi 2025"}]},{"@type":"WebSite","@id":"https:\/\/www.hotelitaliaverona.it\/pt-pt\/#website","url":"https:\/\/www.hotelitaliaverona.it\/pt-pt\/","name":"Hotel Italia Verona","description":"Just another ms.decms.eu site","potentialAction":[{"@type":"SearchAction","target":{"@type":"EntryPoint","urlTemplate":"https:\/\/www.hotelitaliaverona.it\/pt-pt\/?s={search_term_string}"},"query-input":{"@type":"PropertyValueSpecification","valueRequired":true,"valueName":"search_term_string"}}],"inLanguage":"pt-PT"}]}},"acf":[],"_links":{"self":[{"href":"https:\/\/www.hotelitaliaverona.it\/pt-pt\/wp-json\/wp\/v2\/pages\/245","targetHints":{"allow":["GET"]}}],"collection":[{"href":"https:\/\/www.hotelitaliaverona.it\/pt-pt\/wp-json\/wp\/v2\/pages"}],"about":[{"href":"https:\/\/www.hotelitaliaverona.it\/pt-pt\/wp-json\/wp\/v2\/types\/page"}],"author":[{"embeddable":true,"href":"https:\/\/www.hotelitaliaverona.it\/pt-pt\/wp-json\/wp\/v2\/users\/7"}],"replies":[{"embeddable":true,"href":"https:\/\/www.hotelitaliaverona.it\/pt-pt\/wp-json\/wp\/v2\/comments?post=245"}],"version-history":[{"count":0,"href":"https:\/\/www.hotelitaliaverona.it\/pt-pt\/wp-json\/wp\/v2\/pages\/245\/revisions"}],"up":[{"embeddable":true,"href":"https:\/\/www.hotelitaliaverona.it\/pt-pt\/wp-json\/wp\/v2\/pages\/232"}],"wp:attachment":[{"href":"https:\/\/www.hotelitaliaverona.it\/pt-pt\/wp-json\/wp\/v2\/media?parent=245"}],"curies":[{"name":"wp","href":"https:\/\/api.w.org\/{rel}","templated":true}]}}