{"id":188,"date":"2021-06-09T13:13:44","date_gmt":"2021-06-09T13:13:44","guid":{"rendered":"https:\/\/italiaverona.ms.decms.eu\/?page_id=188"},"modified":"2021-06-09T13:13:44","modified_gmt":"2021-06-09T13:13:44","slug":"reuniao","status":"publish","type":"page","link":"https:\/\/www.hotelitaliaverona.it\/pt-pt\/reuniao\/","title":{"rendered":"Reuni\u00e3o"},"content":{"rendered":"<p>A sala de Reuni\u00f5es do Hotel Italia acomoda at\u00e9 50 pessoas se preparada \u00e0 plateia, mas outros tipos de prepara\u00e7\u00e3o s\u00e3o poss\u00edveis ( ferro de cavalo, mesa real, bancos de escola).<\/p>\n<p>A sala disp\u00f5e de conex\u00e3o Wi-fi e \u00e9 equipada com as mais recentes ferramentas tecnol\u00f3gicas. \u00c9 ideal para para organizar cursos de forma\u00e7\u00e3o e de atualiza\u00e7\u00f5es , para exposi\u00e7\u00f5es, reuni\u00f5es e entrevistas.<\/p>\n<p>O nosso restaurantinho Italia, dentro do Hotel, prop\u00f5e aos participantes das reuni\u00f5es, lanches leves, caf\u00e9s de trabalho, jantares de Gala, enquanto em bela esta\u00e7\u00e3o de calor se organizam coffee break e aperitivos no terra\u00e7o.<\/p>\n","protected":false},"excerpt":{"rendered":"<p>A sala de Reuni\u00f5es do Hotel Italia acomoda at\u00e9 50 pessoas se preparada \u00e0 plateia, mas outros tipos de prepara\u00e7\u00e3o s\u00e3o poss\u00edveis ( ferro de cavalo, mesa real, bancos de escola). A sala disp\u00f5e de conex\u00e3o Wi-fi e \u00e9 equipada com as mais recentes ferramentas tecnol\u00f3gicas. \u00c9 ideal para para organizar cursos de forma\u00e7\u00e3o e [&hellip;]<\/p>\n","protected":false},"author":7,"featured_media":0,"parent":0,"menu_order":10,"comment_status":"closed","ping_status":"closed","template":"template-meeting.php","meta":{"footnotes":""},"class_list":["post-188","page","type-page","status-publish","hentry"],"yoast_head":"<!-- This site is optimized with the Yoast SEO plugin v26.9 - https:\/\/yoast.com\/product\/yoast-seo-wordpress\/ -->\n<title>Reuni\u00e3o - Hotel Italia Verona<\/title>\n<meta name=\"robots\" content=\"index, follow, max-snippet:-1, max-image-preview:large, max-video-preview:-1\" \/>\n<link rel=\"canonical\" href=\"https:\/\/www.hotelitaliaverona.it\/pt-pt\/reuniao\/\" \/>\n<meta property=\"og:locale\" content=\"pt_PT\" \/>\n<meta property=\"og:type\" content=\"article\" \/>\n<meta property=\"og:title\" content=\"Reuni\u00e3o - Hotel Italia Verona\" \/>\n<meta property=\"og:description\" content=\"A sala de Reuni\u00f5es do Hotel Italia acomoda at\u00e9 50 pessoas se preparada \u00e0 plateia, mas outros tipos de prepara\u00e7\u00e3o s\u00e3o poss\u00edveis ( ferro de cavalo, mesa real, bancos de escola). A sala disp\u00f5e de conex\u00e3o Wi-fi e \u00e9 equipada com as mais recentes ferramentas tecnol\u00f3gicas. \u00c9 ideal para para organizar cursos de forma\u00e7\u00e3o e [&hellip;]\" \/>\n<meta property=\"og:url\" content=\"https:\/\/www.hotelitaliaverona.it\/pt-pt\/reuniao\/\" \/>\n<meta property=\"og:site_name\" content=\"Hotel Italia Verona\" \/>\n<meta name=\"twitter:card\" content=\"summary_large_image\" \/>\n<meta name=\"twitter:label1\" content=\"Tempo estimado de leitura\" \/>\n\t<meta name=\"twitter:data1\" content=\"1 minuto\" \/>\n<script type=\"application\/ld+json\" class=\"yoast-schema-graph\">{\"@context\":\"https:\/\/schema.org\",\"@graph\":[{\"@type\":\"WebPage\",\"@id\":\"https:\/\/www.hotelitaliaverona.it\/pt-pt\/reuniao\/\",\"url\":\"https:\/\/www.hotelitaliaverona.it\/pt-pt\/reuniao\/\",\"name\":\"Reuni\u00e3o - Hotel Italia Verona\",\"isPartOf\":{\"@id\":\"https:\/\/www.hotelitaliaverona.it\/pt-pt\/#website\"},\"datePublished\":\"2021-06-09T13:13:44+00:00\",\"breadcrumb\":{\"@id\":\"https:\/\/www.hotelitaliaverona.it\/pt-pt\/reuniao\/#breadcrumb\"},\"inLanguage\":\"pt-PT\",\"potentialAction\":[{\"@type\":\"ReadAction\",\"target\":[\"https:\/\/www.hotelitaliaverona.it\/pt-pt\/reuniao\/\"]}]},{\"@type\":\"BreadcrumbList\",\"@id\":\"https:\/\/www.hotelitaliaverona.it\/pt-pt\/reuniao\/#breadcrumb\",\"itemListElement\":[{\"@type\":\"ListItem\",\"position\":1,\"name\":\"Home\",\"item\":\"https:\/\/www.hotelitaliaverona.it\/pt-pt\/\"},{\"@type\":\"ListItem\",\"position\":2,\"name\":\"Reuni\u00e3o\"}]},{\"@type\":\"WebSite\",\"@id\":\"https:\/\/www.hotelitaliaverona.it\/pt-pt\/#website\",\"url\":\"https:\/\/www.hotelitaliaverona.it\/pt-pt\/\",\"name\":\"Hotel Italia Verona\",\"description\":\"Just another ms.decms.eu site\",\"potentialAction\":[{\"@type\":\"SearchAction\",\"target\":{\"@type\":\"EntryPoint\",\"urlTemplate\":\"https:\/\/www.hotelitaliaverona.it\/pt-pt\/?s={search_term_string}\"},\"query-input\":{\"@type\":\"PropertyValueSpecification\",\"valueRequired\":true,\"valueName\":\"search_term_string\"}}],\"inLanguage\":\"pt-PT\"}]}<\/script>\n<!-- \/ Yoast SEO plugin. -->","yoast_head_json":{"title":"Reuni\u00e3o - Hotel Italia Verona","robots":{"index":"index","follow":"follow","max-snippet":"max-snippet:-1","max-image-preview":"max-image-preview:large","max-video-preview":"max-video-preview:-1"},"canonical":"https:\/\/www.hotelitaliaverona.it\/pt-pt\/reuniao\/","og_locale":"pt_PT","og_type":"article","og_title":"Reuni\u00e3o - Hotel Italia Verona","og_description":"A sala de Reuni\u00f5es do Hotel Italia acomoda at\u00e9 50 pessoas se preparada \u00e0 plateia, mas outros tipos de prepara\u00e7\u00e3o s\u00e3o poss\u00edveis ( ferro de cavalo, mesa real, bancos de escola). A sala disp\u00f5e de conex\u00e3o Wi-fi e \u00e9 equipada com as mais recentes ferramentas tecnol\u00f3gicas. \u00c9 ideal para para organizar cursos de forma\u00e7\u00e3o e [&hellip;]","og_url":"https:\/\/www.hotelitaliaverona.it\/pt-pt\/reuniao\/","og_site_name":"Hotel Italia Verona","twitter_card":"summary_large_image","twitter_misc":{"Tempo estimado de leitura":"1 minuto"},"schema":{"@context":"https:\/\/schema.org","@graph":[{"@type":"WebPage","@id":"https:\/\/www.hotelitaliaverona.it\/pt-pt\/reuniao\/","url":"https:\/\/www.hotelitaliaverona.it\/pt-pt\/reuniao\/","name":"Reuni\u00e3o - Hotel Italia Verona","isPartOf":{"@id":"https:\/\/www.hotelitaliaverona.it\/pt-pt\/#website"},"datePublished":"2021-06-09T13:13:44+00:00","breadcrumb":{"@id":"https:\/\/www.hotelitaliaverona.it\/pt-pt\/reuniao\/#breadcrumb"},"inLanguage":"pt-PT","potentialAction":[{"@type":"ReadAction","target":["https:\/\/www.hotelitaliaverona.it\/pt-pt\/reuniao\/"]}]},{"@type":"BreadcrumbList","@id":"https:\/\/www.hotelitaliaverona.it\/pt-pt\/reuniao\/#breadcrumb","itemListElement":[{"@type":"ListItem","position":1,"name":"Home","item":"https:\/\/www.hotelitaliaverona.it\/pt-pt\/"},{"@type":"ListItem","position":2,"name":"Reuni\u00e3o"}]},{"@type":"WebSite","@id":"https:\/\/www.hotelitaliaverona.it\/pt-pt\/#website","url":"https:\/\/www.hotelitaliaverona.it\/pt-pt\/","name":"Hotel Italia Verona","description":"Just another ms.decms.eu site","potentialAction":[{"@type":"SearchAction","target":{"@type":"EntryPoint","urlTemplate":"https:\/\/www.hotelitaliaverona.it\/pt-pt\/?s={search_term_string}"},"query-input":{"@type":"PropertyValueSpecification","valueRequired":true,"valueName":"search_term_string"}}],"inLanguage":"pt-PT"}]}},"acf":[],"_links":{"self":[{"href":"https:\/\/www.hotelitaliaverona.it\/pt-pt\/wp-json\/wp\/v2\/pages\/188","targetHints":{"allow":["GET"]}}],"collection":[{"href":"https:\/\/www.hotelitaliaverona.it\/pt-pt\/wp-json\/wp\/v2\/pages"}],"about":[{"href":"https:\/\/www.hotelitaliaverona.it\/pt-pt\/wp-json\/wp\/v2\/types\/page"}],"author":[{"embeddable":true,"href":"https:\/\/www.hotelitaliaverona.it\/pt-pt\/wp-json\/wp\/v2\/users\/7"}],"replies":[{"embeddable":true,"href":"https:\/\/www.hotelitaliaverona.it\/pt-pt\/wp-json\/wp\/v2\/comments?post=188"}],"version-history":[{"count":0,"href":"https:\/\/www.hotelitaliaverona.it\/pt-pt\/wp-json\/wp\/v2\/pages\/188\/revisions"}],"wp:attachment":[{"href":"https:\/\/www.hotelitaliaverona.it\/pt-pt\/wp-json\/wp\/v2\/media?parent=188"}],"curies":[{"name":"wp","href":"https:\/\/api.w.org\/{rel}","templated":true}]}}