{"id":4,"date":"2021-06-07T19:15:11","date_gmt":"2021-06-07T19:15:11","guid":{"rendered":"https:\/\/italiaverona.ms.decms.eu\/?page_id=4"},"modified":"2021-06-08T10:12:59","modified_gmt":"2021-06-08T10:12:59","slug":"hotel-italia-verona","status":"publish","type":"page","link":"https:\/\/www.hotelitaliaverona.it\/fr\/","title":{"rendered":"Hotel Italia Verona"},"content":{"rendered":"<p>Hotel Italia est un d\u00e9licieux <b>Hotel 3 \u00e9toiles dans le centre de V\u00e9rone<\/b>, situ\u00e9e tout pr\u00e8s du coeur de la ville et de tous ses magnifiques monuments.<\/p>\n<p>La <b>Cath\u00e9drale<\/b> et le <b>Th\u00e9\u00e2tre Romain<\/b> sont seulement 800 m\u00e8tres loins, comme <b>Piazza delle Erbe<\/b> aussi et le <b>Balcon de Juliette<\/b>.<\/p>\n<p>On peut arriver \u00e0 l\u2019Ar\u00e8ne de V\u00e9rone avec une plaisante promenade parmi les ruelles et les beaut\u00e9s de la vieille ville. Hotel Italia est aussi situ\u00e9 a 300 m\u00e8tres de l\u2019<b>H\u00f4pital Majeur \u201cBorgo Trento\u201d <\/b>et on peut y arriver tr\u00e8s facilement de la Gare et de l\u2019A\u00e9roport avec les bus publiques. La <b>Foire de V\u00e9rone<\/b> est situ\u00e9e \u00e0 5 km d\u2019ici.<\/p>\n<p>L\u2019Hotel dispose de chambres Standard, Somfort, Sup\u00e9rieur et Junior Suites, d\u2019un <b>garage<\/b> int\u00e9rieur, d\u2019un d\u00e9licieux r\u00e9staurant(qui en \u00e9t\u00e9 se d\u00e9place dans l\u2019agr\u00e9abre terrasse), une petite Ar\u00e9a R\u00e9lax et une Salle de R\u00e9union.<\/p>\n","protected":false},"excerpt":{"rendered":"<p>Hotel Italia est un d\u00e9licieux Hotel 3 \u00e9toiles dans le centre de V\u00e9rone, situ\u00e9e tout pr\u00e8s du coeur de la ville et de tous ses magnifiques monuments. La Cath\u00e9drale et le Th\u00e9\u00e2tre Romain sont seulement 800 m\u00e8tres loins, comme Piazza delle Erbe aussi et le Balcon de Juliette. On peut arriver \u00e0 l\u2019Ar\u00e8ne de V\u00e9rone [&hellip;]<\/p>\n","protected":false},"author":7,"featured_media":0,"parent":0,"menu_order":0,"comment_status":"closed","ping_status":"closed","template":"","meta":{"footnotes":""},"class_list":["post-4","page","type-page","status-publish","hentry"],"yoast_head":"<!-- This site is optimized with the Yoast SEO plugin v26.9 - https:\/\/yoast.com\/product\/yoast-seo-wordpress\/ -->\n<title>Hotel Italia Verona - Hotel Italia Verona<\/title>\n<meta name=\"robots\" content=\"index, follow, max-snippet:-1, max-image-preview:large, max-video-preview:-1\" \/>\n<link rel=\"canonical\" href=\"https:\/\/www.hotelitaliaverona.it\/fr\/\" \/>\n<meta property=\"og:locale\" content=\"fr_FR\" \/>\n<meta property=\"og:type\" content=\"article\" \/>\n<meta property=\"og:title\" content=\"Hotel Italia Verona - Hotel Italia Verona\" \/>\n<meta property=\"og:description\" content=\"Hotel Italia est un d\u00e9licieux Hotel 3 \u00e9toiles dans le centre de V\u00e9rone, situ\u00e9e tout pr\u00e8s du coeur de la ville et de tous ses magnifiques monuments. La Cath\u00e9drale et le Th\u00e9\u00e2tre Romain sont seulement 800 m\u00e8tres loins, comme Piazza delle Erbe aussi et le Balcon de Juliette. On peut arriver \u00e0 l\u2019Ar\u00e8ne de V\u00e9rone [&hellip;]\" \/>\n<meta property=\"og:url\" content=\"https:\/\/www.hotelitaliaverona.it\/fr\/\" \/>\n<meta property=\"og:site_name\" content=\"Hotel Italia Verona\" \/>\n<meta property=\"article:modified_time\" content=\"2021-06-08T10:12:59+00:00\" \/>\n<meta name=\"twitter:card\" content=\"summary_large_image\" \/>\n<meta name=\"twitter:label1\" content=\"Dur\u00e9e de lecture estim\u00e9e\" \/>\n\t<meta name=\"twitter:data1\" content=\"1 minute\" \/>\n<script type=\"application\/ld+json\" class=\"yoast-schema-graph\">{\"@context\":\"https:\/\/schema.org\",\"@graph\":[{\"@type\":\"WebPage\",\"@id\":\"https:\/\/www.hotelitaliaverona.it\/fr\/\",\"url\":\"https:\/\/www.hotelitaliaverona.it\/fr\/\",\"name\":\"Hotel Italia Verona - Hotel Italia Verona\",\"isPartOf\":{\"@id\":\"https:\/\/www.hotelitaliaverona.it\/fr\/#website\"},\"datePublished\":\"2021-06-07T19:15:11+00:00\",\"dateModified\":\"2021-06-08T10:12:59+00:00\",\"breadcrumb\":{\"@id\":\"https:\/\/www.hotelitaliaverona.it\/fr\/#breadcrumb\"},\"inLanguage\":\"fr-FR\",\"potentialAction\":[{\"@type\":\"ReadAction\",\"target\":[\"https:\/\/www.hotelitaliaverona.it\/fr\/\"]}]},{\"@type\":\"BreadcrumbList\",\"@id\":\"https:\/\/www.hotelitaliaverona.it\/fr\/#breadcrumb\",\"itemListElement\":[{\"@type\":\"ListItem\",\"position\":1,\"name\":\"Home\",\"item\":\"https:\/\/www.hotelitaliaverona.it\/fr\/\"},{\"@type\":\"ListItem\",\"position\":2,\"name\":\"Hotel Italia Verona\"}]},{\"@type\":\"WebSite\",\"@id\":\"https:\/\/www.hotelitaliaverona.it\/fr\/#website\",\"url\":\"https:\/\/www.hotelitaliaverona.it\/fr\/\",\"name\":\"Hotel Italia Verona\",\"description\":\"Just another ms.decms.eu site\",\"potentialAction\":[{\"@type\":\"SearchAction\",\"target\":{\"@type\":\"EntryPoint\",\"urlTemplate\":\"https:\/\/www.hotelitaliaverona.it\/fr\/?s={search_term_string}\"},\"query-input\":{\"@type\":\"PropertyValueSpecification\",\"valueRequired\":true,\"valueName\":\"search_term_string\"}}],\"inLanguage\":\"fr-FR\"}]}<\/script>\n<!-- \/ Yoast SEO plugin. -->","yoast_head_json":{"title":"Hotel Italia Verona - Hotel Italia Verona","robots":{"index":"index","follow":"follow","max-snippet":"max-snippet:-1","max-image-preview":"max-image-preview:large","max-video-preview":"max-video-preview:-1"},"canonical":"https:\/\/www.hotelitaliaverona.it\/fr\/","og_locale":"fr_FR","og_type":"article","og_title":"Hotel Italia Verona - Hotel Italia Verona","og_description":"Hotel Italia est un d\u00e9licieux Hotel 3 \u00e9toiles dans le centre de V\u00e9rone, situ\u00e9e tout pr\u00e8s du coeur de la ville et de tous ses magnifiques monuments. La Cath\u00e9drale et le Th\u00e9\u00e2tre Romain sont seulement 800 m\u00e8tres loins, comme Piazza delle Erbe aussi et le Balcon de Juliette. On peut arriver \u00e0 l\u2019Ar\u00e8ne de V\u00e9rone [&hellip;]","og_url":"https:\/\/www.hotelitaliaverona.it\/fr\/","og_site_name":"Hotel Italia Verona","article_modified_time":"2021-06-08T10:12:59+00:00","twitter_card":"summary_large_image","twitter_misc":{"Dur\u00e9e de lecture estim\u00e9e":"1 minute"},"schema":{"@context":"https:\/\/schema.org","@graph":[{"@type":"WebPage","@id":"https:\/\/www.hotelitaliaverona.it\/fr\/","url":"https:\/\/www.hotelitaliaverona.it\/fr\/","name":"Hotel Italia Verona - Hotel Italia Verona","isPartOf":{"@id":"https:\/\/www.hotelitaliaverona.it\/fr\/#website"},"datePublished":"2021-06-07T19:15:11+00:00","dateModified":"2021-06-08T10:12:59+00:00","breadcrumb":{"@id":"https:\/\/www.hotelitaliaverona.it\/fr\/#breadcrumb"},"inLanguage":"fr-FR","potentialAction":[{"@type":"ReadAction","target":["https:\/\/www.hotelitaliaverona.it\/fr\/"]}]},{"@type":"BreadcrumbList","@id":"https:\/\/www.hotelitaliaverona.it\/fr\/#breadcrumb","itemListElement":[{"@type":"ListItem","position":1,"name":"Home","item":"https:\/\/www.hotelitaliaverona.it\/fr\/"},{"@type":"ListItem","position":2,"name":"Hotel Italia Verona"}]},{"@type":"WebSite","@id":"https:\/\/www.hotelitaliaverona.it\/fr\/#website","url":"https:\/\/www.hotelitaliaverona.it\/fr\/","name":"Hotel Italia Verona","description":"Just another ms.decms.eu site","potentialAction":[{"@type":"SearchAction","target":{"@type":"EntryPoint","urlTemplate":"https:\/\/www.hotelitaliaverona.it\/fr\/?s={search_term_string}"},"query-input":{"@type":"PropertyValueSpecification","valueRequired":true,"valueName":"search_term_string"}}],"inLanguage":"fr-FR"}]}},"acf":[],"_links":{"self":[{"href":"https:\/\/www.hotelitaliaverona.it\/fr\/wp-json\/wp\/v2\/pages\/4","targetHints":{"allow":["GET"]}}],"collection":[{"href":"https:\/\/www.hotelitaliaverona.it\/fr\/wp-json\/wp\/v2\/pages"}],"about":[{"href":"https:\/\/www.hotelitaliaverona.it\/fr\/wp-json\/wp\/v2\/types\/page"}],"author":[{"embeddable":true,"href":"https:\/\/www.hotelitaliaverona.it\/fr\/wp-json\/wp\/v2\/users\/7"}],"replies":[{"embeddable":true,"href":"https:\/\/www.hotelitaliaverona.it\/fr\/wp-json\/wp\/v2\/comments?post=4"}],"version-history":[{"count":0,"href":"https:\/\/www.hotelitaliaverona.it\/fr\/wp-json\/wp\/v2\/pages\/4\/revisions"}],"wp:attachment":[{"href":"https:\/\/www.hotelitaliaverona.it\/fr\/wp-json\/wp\/v2\/media?parent=4"}],"curies":[{"name":"wp","href":"https:\/\/api.w.org\/{rel}","templated":true}]}}