{"id":185,"date":"2021-06-09T12:32:22","date_gmt":"2021-06-09T12:32:22","guid":{"rendered":"https:\/\/italiaverona.ms.decms.eu\/?page_id=185"},"modified":"2021-06-09T12:32:22","modified_gmt":"2021-06-09T12:32:22","slug":"reunion","status":"publish","type":"page","link":"https:\/\/www.hotelitaliaverona.it\/fr\/reunion\/","title":{"rendered":"R\u00e9union"},"content":{"rendered":"<p>La Salle de R\u00e9union de l\u2019Hotel Italia peut accueillir jusqu\u2019\u00e0 50 personnes avec une disposition \u00e0 th\u00e9\u00e2tre, mais d\u2019autres styles de mise en place sont aussi possibles (U, salle de conf\u00e9rence, salle de classe). <strong>La salle est dou\u00e9e de connexion internet sans fil et des plus modernes \u00e9quipements technologiques<\/strong>.<\/p>\n<p>C\u2019est id\u00e9ale pour organiser des stages de formation ou s\u00e9ances de r\u00e9vision, pour \u00e9talages, r\u00e9unions et entretiens.<\/p>\n<p>Notre <strong>Ristorantino Italia<\/strong>, \u00e0 l\u2019int\u00e9rieur de l\u2019Hotel, propose aux participants aux r\u00e9unions <strong>des d\u00e9jeuners l\u00e9gers ou d\u2019affaires<\/strong>, <strong>d\u00eeners de gala<\/strong>, ou en \u00e9t\u00e9 des <strong>pauses-caf\u00e9 et ap\u00e9ritifs dans la terrasse<\/strong>.<\/p>\n","protected":false},"excerpt":{"rendered":"<p>La Salle de R\u00e9union de l\u2019Hotel Italia peut accueillir jusqu\u2019\u00e0 50 personnes avec une disposition \u00e0 th\u00e9\u00e2tre, mais d\u2019autres styles de mise en place sont aussi possibles (U, salle de conf\u00e9rence, salle de classe). La salle est dou\u00e9e de connexion internet sans fil et des plus modernes \u00e9quipements technologiques. C\u2019est id\u00e9ale pour organiser des stages [&hellip;]<\/p>\n","protected":false},"author":7,"featured_media":0,"parent":0,"menu_order":10,"comment_status":"closed","ping_status":"closed","template":"template-meeting.php","meta":{"footnotes":""},"class_list":["post-185","page","type-page","status-publish","hentry"],"yoast_head":"<!-- This site is optimized with the Yoast SEO plugin v26.9 - https:\/\/yoast.com\/product\/yoast-seo-wordpress\/ -->\n<title>R\u00e9union - Hotel Italia Verona<\/title>\n<meta name=\"robots\" content=\"index, follow, max-snippet:-1, max-image-preview:large, max-video-preview:-1\" \/>\n<link rel=\"canonical\" href=\"https:\/\/www.hotelitaliaverona.it\/fr\/reunion\/\" \/>\n<meta property=\"og:locale\" content=\"fr_FR\" \/>\n<meta property=\"og:type\" content=\"article\" \/>\n<meta property=\"og:title\" content=\"R\u00e9union - Hotel Italia Verona\" \/>\n<meta property=\"og:description\" content=\"La Salle de R\u00e9union de l\u2019Hotel Italia peut accueillir jusqu\u2019\u00e0 50 personnes avec une disposition \u00e0 th\u00e9\u00e2tre, mais d\u2019autres styles de mise en place sont aussi possibles (U, salle de conf\u00e9rence, salle de classe). La salle est dou\u00e9e de connexion internet sans fil et des plus modernes \u00e9quipements technologiques. C\u2019est id\u00e9ale pour organiser des stages [&hellip;]\" \/>\n<meta property=\"og:url\" content=\"https:\/\/www.hotelitaliaverona.it\/fr\/reunion\/\" \/>\n<meta property=\"og:site_name\" content=\"Hotel Italia Verona\" \/>\n<meta name=\"twitter:card\" content=\"summary_large_image\" \/>\n<meta name=\"twitter:label1\" content=\"Dur\u00e9e de lecture estim\u00e9e\" \/>\n\t<meta name=\"twitter:data1\" content=\"1 minute\" \/>\n<script type=\"application\/ld+json\" class=\"yoast-schema-graph\">{\"@context\":\"https:\/\/schema.org\",\"@graph\":[{\"@type\":\"WebPage\",\"@id\":\"https:\/\/www.hotelitaliaverona.it\/fr\/reunion\/\",\"url\":\"https:\/\/www.hotelitaliaverona.it\/fr\/reunion\/\",\"name\":\"R\u00e9union - Hotel Italia Verona\",\"isPartOf\":{\"@id\":\"https:\/\/www.hotelitaliaverona.it\/fr\/#website\"},\"datePublished\":\"2021-06-09T12:32:22+00:00\",\"breadcrumb\":{\"@id\":\"https:\/\/www.hotelitaliaverona.it\/fr\/reunion\/#breadcrumb\"},\"inLanguage\":\"fr-FR\",\"potentialAction\":[{\"@type\":\"ReadAction\",\"target\":[\"https:\/\/www.hotelitaliaverona.it\/fr\/reunion\/\"]}]},{\"@type\":\"BreadcrumbList\",\"@id\":\"https:\/\/www.hotelitaliaverona.it\/fr\/reunion\/#breadcrumb\",\"itemListElement\":[{\"@type\":\"ListItem\",\"position\":1,\"name\":\"Home\",\"item\":\"https:\/\/www.hotelitaliaverona.it\/fr\/\"},{\"@type\":\"ListItem\",\"position\":2,\"name\":\"R\u00e9union\"}]},{\"@type\":\"WebSite\",\"@id\":\"https:\/\/www.hotelitaliaverona.it\/fr\/#website\",\"url\":\"https:\/\/www.hotelitaliaverona.it\/fr\/\",\"name\":\"Hotel Italia Verona\",\"description\":\"Just another ms.decms.eu site\",\"potentialAction\":[{\"@type\":\"SearchAction\",\"target\":{\"@type\":\"EntryPoint\",\"urlTemplate\":\"https:\/\/www.hotelitaliaverona.it\/fr\/?s={search_term_string}\"},\"query-input\":{\"@type\":\"PropertyValueSpecification\",\"valueRequired\":true,\"valueName\":\"search_term_string\"}}],\"inLanguage\":\"fr-FR\"}]}<\/script>\n<!-- \/ Yoast SEO plugin. -->","yoast_head_json":{"title":"R\u00e9union - Hotel Italia Verona","robots":{"index":"index","follow":"follow","max-snippet":"max-snippet:-1","max-image-preview":"max-image-preview:large","max-video-preview":"max-video-preview:-1"},"canonical":"https:\/\/www.hotelitaliaverona.it\/fr\/reunion\/","og_locale":"fr_FR","og_type":"article","og_title":"R\u00e9union - Hotel Italia Verona","og_description":"La Salle de R\u00e9union de l\u2019Hotel Italia peut accueillir jusqu\u2019\u00e0 50 personnes avec une disposition \u00e0 th\u00e9\u00e2tre, mais d\u2019autres styles de mise en place sont aussi possibles (U, salle de conf\u00e9rence, salle de classe). La salle est dou\u00e9e de connexion internet sans fil et des plus modernes \u00e9quipements technologiques. C\u2019est id\u00e9ale pour organiser des stages [&hellip;]","og_url":"https:\/\/www.hotelitaliaverona.it\/fr\/reunion\/","og_site_name":"Hotel Italia Verona","twitter_card":"summary_large_image","twitter_misc":{"Dur\u00e9e de lecture estim\u00e9e":"1 minute"},"schema":{"@context":"https:\/\/schema.org","@graph":[{"@type":"WebPage","@id":"https:\/\/www.hotelitaliaverona.it\/fr\/reunion\/","url":"https:\/\/www.hotelitaliaverona.it\/fr\/reunion\/","name":"R\u00e9union - Hotel Italia Verona","isPartOf":{"@id":"https:\/\/www.hotelitaliaverona.it\/fr\/#website"},"datePublished":"2021-06-09T12:32:22+00:00","breadcrumb":{"@id":"https:\/\/www.hotelitaliaverona.it\/fr\/reunion\/#breadcrumb"},"inLanguage":"fr-FR","potentialAction":[{"@type":"ReadAction","target":["https:\/\/www.hotelitaliaverona.it\/fr\/reunion\/"]}]},{"@type":"BreadcrumbList","@id":"https:\/\/www.hotelitaliaverona.it\/fr\/reunion\/#breadcrumb","itemListElement":[{"@type":"ListItem","position":1,"name":"Home","item":"https:\/\/www.hotelitaliaverona.it\/fr\/"},{"@type":"ListItem","position":2,"name":"R\u00e9union"}]},{"@type":"WebSite","@id":"https:\/\/www.hotelitaliaverona.it\/fr\/#website","url":"https:\/\/www.hotelitaliaverona.it\/fr\/","name":"Hotel Italia Verona","description":"Just another ms.decms.eu site","potentialAction":[{"@type":"SearchAction","target":{"@type":"EntryPoint","urlTemplate":"https:\/\/www.hotelitaliaverona.it\/fr\/?s={search_term_string}"},"query-input":{"@type":"PropertyValueSpecification","valueRequired":true,"valueName":"search_term_string"}}],"inLanguage":"fr-FR"}]}},"acf":[],"_links":{"self":[{"href":"https:\/\/www.hotelitaliaverona.it\/fr\/wp-json\/wp\/v2\/pages\/185","targetHints":{"allow":["GET"]}}],"collection":[{"href":"https:\/\/www.hotelitaliaverona.it\/fr\/wp-json\/wp\/v2\/pages"}],"about":[{"href":"https:\/\/www.hotelitaliaverona.it\/fr\/wp-json\/wp\/v2\/types\/page"}],"author":[{"embeddable":true,"href":"https:\/\/www.hotelitaliaverona.it\/fr\/wp-json\/wp\/v2\/users\/7"}],"replies":[{"embeddable":true,"href":"https:\/\/www.hotelitaliaverona.it\/fr\/wp-json\/wp\/v2\/comments?post=185"}],"version-history":[{"count":0,"href":"https:\/\/www.hotelitaliaverona.it\/fr\/wp-json\/wp\/v2\/pages\/185\/revisions"}],"wp:attachment":[{"href":"https:\/\/www.hotelitaliaverona.it\/fr\/wp-json\/wp\/v2\/media?parent=185"}],"curies":[{"name":"wp","href":"https:\/\/api.w.org\/{rel}","templated":true}]}}