{"id":9,"date":"2021-06-07T19:15:28","date_gmt":"2021-06-07T19:15:28","guid":{"rendered":"https:\/\/italiaverona.ms.decms.eu\/?page_id=9"},"modified":"2021-06-08T10:24:44","modified_gmt":"2021-06-08T10:24:44","slug":"hotel-italia-verona","status":"publish","type":"page","link":"https:\/\/www.hotelitaliaverona.it\/es\/","title":{"rendered":"Hotel Italia Verona"},"content":{"rendered":"<p>Hotel Italia es <strong>un fascinante Hotel con tres Estrellas situado en el centro de Verona<\/strong>. En poco tiempo de camino es posible llegar en el centro h\u00edstorico para empezar una visita de todos lo m\u00e1s \u00a0importantes monumentos. El <strong>Duomo<\/strong>, el <strong>Teatro Romano<\/strong>, <strong>Piazza delle Erbe y el Balcone di Giulietta<\/strong> se pueden encotrar en s\u00f3lo 800 metros de distancia.<\/p>\n<p>Dando un paseo \u00e1traves de algunas calles peque\u00f1itas y admirando la belleza h\u00edstorica de la ciudad es posible llegar en la plaza principal <strong>Piazza Bra<\/strong> donde se puede admirar la <strong>famosa Arena<\/strong>. El Hotel Italia est\u00e1 situado a s\u00f3lo 300 metros desde el hospital Ospedale Maggiore \u201cBorgo Trento\u201d y 5 km desde la feria.<\/p>\n<p>Es posible llegar hasta el Hotel con los autobuses p\u00fablicos desde la estaci\u00f3n de trenes y el aeropuerto. En el Hotel puede encontrar <strong>habitaciones<\/strong> standard, comfort, superior y junior suites, un garage privado, durante el invierno hay un <strong>restaurante excelente<\/strong> en el interior que se muda en terraza en el verano, una peque\u00f1a <strong>zone de relax y una sala conferencia<\/strong>.<\/p>\n","protected":false},"excerpt":{"rendered":"<p>Hotel Italia es un fascinante Hotel con tres Estrellas situado en el centro de Verona. En poco tiempo de camino es posible llegar en el centro h\u00edstorico para empezar una visita de todos lo m\u00e1s \u00a0importantes monumentos. El Duomo, el Teatro Romano, Piazza delle Erbe y el Balcone di Giulietta se pueden encotrar en s\u00f3lo [&hellip;]<\/p>\n","protected":false},"author":7,"featured_media":0,"parent":0,"menu_order":0,"comment_status":"closed","ping_status":"closed","template":"","meta":{"footnotes":""},"class_list":["post-9","page","type-page","status-publish","hentry"],"yoast_head":"<!-- This site is optimized with the Yoast SEO plugin v26.9 - https:\/\/yoast.com\/product\/yoast-seo-wordpress\/ -->\n<title>Hotel Italia Verona - Hotel Italia Verona<\/title>\n<meta name=\"robots\" content=\"index, follow, max-snippet:-1, max-image-preview:large, max-video-preview:-1\" \/>\n<link rel=\"canonical\" href=\"https:\/\/www.hotelitaliaverona.it\/es\/\" \/>\n<meta property=\"og:locale\" content=\"es_ES\" \/>\n<meta property=\"og:type\" content=\"article\" \/>\n<meta property=\"og:title\" content=\"Hotel Italia Verona - Hotel Italia Verona\" \/>\n<meta property=\"og:description\" content=\"Hotel Italia es un fascinante Hotel con tres Estrellas situado en el centro de Verona. En poco tiempo de camino es posible llegar en el centro h\u00edstorico para empezar una visita de todos lo m\u00e1s \u00a0importantes monumentos. El Duomo, el Teatro Romano, Piazza delle Erbe y el Balcone di Giulietta se pueden encotrar en s\u00f3lo [&hellip;]\" \/>\n<meta property=\"og:url\" content=\"https:\/\/www.hotelitaliaverona.it\/es\/\" \/>\n<meta property=\"og:site_name\" content=\"Hotel Italia Verona\" \/>\n<meta property=\"article:modified_time\" content=\"2021-06-08T10:24:44+00:00\" \/>\n<meta name=\"twitter:card\" content=\"summary_large_image\" \/>\n<meta name=\"twitter:label1\" content=\"Tiempo de lectura\" \/>\n\t<meta name=\"twitter:data1\" content=\"1 minuto\" \/>\n<script type=\"application\/ld+json\" class=\"yoast-schema-graph\">{\"@context\":\"https:\/\/schema.org\",\"@graph\":[{\"@type\":\"WebPage\",\"@id\":\"https:\/\/www.hotelitaliaverona.it\/es\/\",\"url\":\"https:\/\/www.hotelitaliaverona.it\/es\/\",\"name\":\"Hotel Italia Verona - Hotel Italia Verona\",\"isPartOf\":{\"@id\":\"https:\/\/www.hotelitaliaverona.it\/es\/#website\"},\"datePublished\":\"2021-06-07T19:15:28+00:00\",\"dateModified\":\"2021-06-08T10:24:44+00:00\",\"breadcrumb\":{\"@id\":\"https:\/\/www.hotelitaliaverona.it\/es\/#breadcrumb\"},\"inLanguage\":\"es\",\"potentialAction\":[{\"@type\":\"ReadAction\",\"target\":[\"https:\/\/www.hotelitaliaverona.it\/es\/\"]}]},{\"@type\":\"BreadcrumbList\",\"@id\":\"https:\/\/www.hotelitaliaverona.it\/es\/#breadcrumb\",\"itemListElement\":[{\"@type\":\"ListItem\",\"position\":1,\"name\":\"Home\",\"item\":\"https:\/\/www.hotelitaliaverona.it\/es\/\"},{\"@type\":\"ListItem\",\"position\":2,\"name\":\"Hotel Italia Verona\"}]},{\"@type\":\"WebSite\",\"@id\":\"https:\/\/www.hotelitaliaverona.it\/es\/#website\",\"url\":\"https:\/\/www.hotelitaliaverona.it\/es\/\",\"name\":\"Hotel Italia Verona\",\"description\":\"Just another ms.decms.eu site\",\"potentialAction\":[{\"@type\":\"SearchAction\",\"target\":{\"@type\":\"EntryPoint\",\"urlTemplate\":\"https:\/\/www.hotelitaliaverona.it\/es\/?s={search_term_string}\"},\"query-input\":{\"@type\":\"PropertyValueSpecification\",\"valueRequired\":true,\"valueName\":\"search_term_string\"}}],\"inLanguage\":\"es\"}]}<\/script>\n<!-- \/ Yoast SEO plugin. -->","yoast_head_json":{"title":"Hotel Italia Verona - Hotel Italia Verona","robots":{"index":"index","follow":"follow","max-snippet":"max-snippet:-1","max-image-preview":"max-image-preview:large","max-video-preview":"max-video-preview:-1"},"canonical":"https:\/\/www.hotelitaliaverona.it\/es\/","og_locale":"es_ES","og_type":"article","og_title":"Hotel Italia Verona - Hotel Italia Verona","og_description":"Hotel Italia es un fascinante Hotel con tres Estrellas situado en el centro de Verona. En poco tiempo de camino es posible llegar en el centro h\u00edstorico para empezar una visita de todos lo m\u00e1s \u00a0importantes monumentos. El Duomo, el Teatro Romano, Piazza delle Erbe y el Balcone di Giulietta se pueden encotrar en s\u00f3lo [&hellip;]","og_url":"https:\/\/www.hotelitaliaverona.it\/es\/","og_site_name":"Hotel Italia Verona","article_modified_time":"2021-06-08T10:24:44+00:00","twitter_card":"summary_large_image","twitter_misc":{"Tiempo de lectura":"1 minuto"},"schema":{"@context":"https:\/\/schema.org","@graph":[{"@type":"WebPage","@id":"https:\/\/www.hotelitaliaverona.it\/es\/","url":"https:\/\/www.hotelitaliaverona.it\/es\/","name":"Hotel Italia Verona - Hotel Italia Verona","isPartOf":{"@id":"https:\/\/www.hotelitaliaverona.it\/es\/#website"},"datePublished":"2021-06-07T19:15:28+00:00","dateModified":"2021-06-08T10:24:44+00:00","breadcrumb":{"@id":"https:\/\/www.hotelitaliaverona.it\/es\/#breadcrumb"},"inLanguage":"es","potentialAction":[{"@type":"ReadAction","target":["https:\/\/www.hotelitaliaverona.it\/es\/"]}]},{"@type":"BreadcrumbList","@id":"https:\/\/www.hotelitaliaverona.it\/es\/#breadcrumb","itemListElement":[{"@type":"ListItem","position":1,"name":"Home","item":"https:\/\/www.hotelitaliaverona.it\/es\/"},{"@type":"ListItem","position":2,"name":"Hotel Italia Verona"}]},{"@type":"WebSite","@id":"https:\/\/www.hotelitaliaverona.it\/es\/#website","url":"https:\/\/www.hotelitaliaverona.it\/es\/","name":"Hotel Italia Verona","description":"Just another ms.decms.eu site","potentialAction":[{"@type":"SearchAction","target":{"@type":"EntryPoint","urlTemplate":"https:\/\/www.hotelitaliaverona.it\/es\/?s={search_term_string}"},"query-input":{"@type":"PropertyValueSpecification","valueRequired":true,"valueName":"search_term_string"}}],"inLanguage":"es"}]}},"acf":[],"_links":{"self":[{"href":"https:\/\/www.hotelitaliaverona.it\/es\/wp-json\/wp\/v2\/pages\/9","targetHints":{"allow":["GET"]}}],"collection":[{"href":"https:\/\/www.hotelitaliaverona.it\/es\/wp-json\/wp\/v2\/pages"}],"about":[{"href":"https:\/\/www.hotelitaliaverona.it\/es\/wp-json\/wp\/v2\/types\/page"}],"author":[{"embeddable":true,"href":"https:\/\/www.hotelitaliaverona.it\/es\/wp-json\/wp\/v2\/users\/7"}],"replies":[{"embeddable":true,"href":"https:\/\/www.hotelitaliaverona.it\/es\/wp-json\/wp\/v2\/comments?post=9"}],"version-history":[{"count":0,"href":"https:\/\/www.hotelitaliaverona.it\/es\/wp-json\/wp\/v2\/pages\/9\/revisions"}],"wp:attachment":[{"href":"https:\/\/www.hotelitaliaverona.it\/es\/wp-json\/wp\/v2\/media?parent=9"}],"curies":[{"name":"wp","href":"https:\/\/api.w.org\/{rel}","templated":true}]}}