{"id":855,"date":"2022-01-27T07:44:31","date_gmt":"2022-01-27T07:44:31","guid":{"rendered":"https:\/\/www.hotelitaliaverona.it\/arena\/pacchetto-opera\/"},"modified":"2026-01-31T13:54:00","modified_gmt":"2026-01-31T13:54:00","slug":"pacchetto-opera","status":"publish","type":"page","link":"https:\/\/www.hotelitaliaverona.it\/de\/arena\/pacchetto-opera\/","title":{"rendered":"Pacchetto Opera"},"content":{"rendered":"<p>Tauchen Sie ein in die zeitlose Eleganz von Verona und lassen Sie sich von der magischen Atmosph\u00e4re der <b data-path-to-node=\"3\" data-index-in-node=\"104\">Arena di Verona<\/b> verzaubern. Dieses exklusive Paket wurde zusammengestellt, um Ihnen ein unvergessliches Erlebnis zwischen Geschichte, Kultur und erstklassiger Gastfreundschaft zu bieten.<\/p>\n<p style=\"text-align: center\"><\/p>\n<p>&nbsp;<\/p>\n<h3 data-path-to-node=\"4\">Im Paket enthaltene Leistungen:<\/h3>\n<ul data-path-to-node=\"5\">\n<li>\n<p data-path-to-node=\"5,0,0\"><b data-path-to-node=\"5,0,0\" data-index-in-node=\"0\">\u00dcbernachtung in gehobenem Ambiente:<\/b> Genie\u00dfen Sie eine oder mehrere \u00dcbernachtungen in unseren stilvoll eingerichteten Zimmern, die Ihnen Ruhe und h\u00f6chsten Komfort garantieren.<\/p>\n<\/li>\n<li>\n<p data-path-to-node=\"5,1,0\"><b data-path-to-node=\"5,1,0\" data-index-in-node=\"0\">Vitalisierendes Fr\u00fchst\u00fccksbuffet:<\/b> Beginnen Sie Ihren Tag mit einer vielf\u00e4ltigen Auswahl an regionalen K\u00f6stlichkeiten, frischem Geb\u00e4ck und Kaffeespezialit\u00e4ten an unserem reichhaltigen Buffet.<\/p>\n<\/li>\n<li>\n<p data-path-to-node=\"5,2,0\"><b data-path-to-node=\"5,2,0\" data-index-in-node=\"0\">Herzlicher Willkommens-Aperitif:<\/b> Wir begr\u00fc\u00dfen Sie bei Ihrer Ankunft mit einem klassischen italienischen Aperitif, um Sie geb\u00fchrend auf Ihren Aufenthalt in der Stadt von Romeo und Julia einzustimmen.<\/p>\n<\/li>\n<li>\n<p data-path-to-node=\"5,3,0\"><b data-path-to-node=\"5,3,0\" data-index-in-node=\"0\">Glanzpunkt des Aufenthaltes \u2013 Opernabend:<\/b> Eine Eintrittskarte pro Person f\u00fcr die weltber\u00fchmten Opernfestspiele (6. Sektor, reservierte Nummerierte Stufenplatz). Erleben Sie eine unvergleichliche Akustik unter dem Sternenhimmel in einem der besterhaltenen r\u00f6mischen Amphitheater der Welt.<\/p>\n<\/li>\n<\/ul>\n","protected":false},"excerpt":{"rendered":"<p>Tauchen Sie ein in die zeitlose Eleganz von Verona und lassen Sie sich von der magischen Atmosph\u00e4re der Arena di Verona verzaubern. Dieses exklusive Paket wurde zusammengestellt, um Ihnen ein unvergessliches Erlebnis zwischen Geschichte, Kultur und erstklassiger Gastfreundschaft zu bieten. &nbsp; Im Paket enthaltene Leistungen: \u00dcbernachtung in gehobenem Ambiente: Genie\u00dfen Sie eine oder mehrere \u00dcbernachtungen [&hellip;]<\/p>\n","protected":false},"author":321,"featured_media":0,"parent":231,"menu_order":0,"comment_status":"closed","ping_status":"closed","template":"template-manual-offers.php","meta":{"footnotes":""},"class_list":["post-855","page","type-page","status-publish","hentry"],"yoast_head":"<!-- This site is optimized with the Yoast SEO plugin v26.9 - https:\/\/yoast.com\/product\/yoast-seo-wordpress\/ -->\n<title>Pacchetto Opera - Hotel Italia Verona<\/title>\n<meta name=\"robots\" content=\"index, follow, max-snippet:-1, max-image-preview:large, max-video-preview:-1\" \/>\n<link rel=\"canonical\" href=\"https:\/\/www.hotelitaliaverona.it\/de\/arena\/pacchetto-opera\/\" \/>\n<meta property=\"og:locale\" content=\"de_DE\" \/>\n<meta property=\"og:type\" content=\"article\" \/>\n<meta property=\"og:title\" content=\"Pacchetto Opera - Hotel Italia Verona\" \/>\n<meta property=\"og:description\" content=\"Tauchen Sie ein in die zeitlose Eleganz von Verona und lassen Sie sich von der magischen Atmosph\u00e4re der Arena di Verona verzaubern. Dieses exklusive Paket wurde zusammengestellt, um Ihnen ein unvergessliches Erlebnis zwischen Geschichte, Kultur und erstklassiger Gastfreundschaft zu bieten. &nbsp; Im Paket enthaltene Leistungen: \u00dcbernachtung in gehobenem Ambiente: Genie\u00dfen Sie eine oder mehrere \u00dcbernachtungen [&hellip;]\" \/>\n<meta property=\"og:url\" content=\"https:\/\/www.hotelitaliaverona.it\/de\/arena\/pacchetto-opera\/\" \/>\n<meta property=\"og:site_name\" content=\"Hotel Italia Verona\" \/>\n<meta property=\"article:modified_time\" content=\"2026-01-31T13:54:00+00:00\" \/>\n<meta name=\"twitter:card\" content=\"summary_large_image\" \/>\n<meta name=\"twitter:label1\" content=\"Gesch\u00e4tzte Lesezeit\" \/>\n\t<meta name=\"twitter:data1\" content=\"1 Minute\" \/>\n<script type=\"application\/ld+json\" class=\"yoast-schema-graph\">{\"@context\":\"https:\/\/schema.org\",\"@graph\":[{\"@type\":\"WebPage\",\"@id\":\"https:\/\/www.hotelitaliaverona.it\/de\/arena\/pacchetto-opera\/\",\"url\":\"https:\/\/www.hotelitaliaverona.it\/de\/arena\/pacchetto-opera\/\",\"name\":\"Pacchetto Opera - Hotel Italia Verona\",\"isPartOf\":{\"@id\":\"https:\/\/www.hotelitaliaverona.it\/de\/#website\"},\"datePublished\":\"2022-01-27T07:44:31+00:00\",\"dateModified\":\"2026-01-31T13:54:00+00:00\",\"breadcrumb\":{\"@id\":\"https:\/\/www.hotelitaliaverona.it\/de\/arena\/pacchetto-opera\/#breadcrumb\"},\"inLanguage\":\"de-DE\",\"potentialAction\":[{\"@type\":\"ReadAction\",\"target\":[\"https:\/\/www.hotelitaliaverona.it\/de\/arena\/pacchetto-opera\/\"]}]},{\"@type\":\"BreadcrumbList\",\"@id\":\"https:\/\/www.hotelitaliaverona.it\/de\/arena\/pacchetto-opera\/#breadcrumb\",\"itemListElement\":[{\"@type\":\"ListItem\",\"position\":1,\"name\":\"Home\",\"item\":\"https:\/\/www.hotelitaliaverona.it\/de\/\"},{\"@type\":\"ListItem\",\"position\":2,\"name\":\"Arena\",\"item\":\"https:\/\/www.hotelitaliaverona.it\/de\/arena\/\"},{\"@type\":\"ListItem\",\"position\":3,\"name\":\"Pacchetto Opera\"}]},{\"@type\":\"WebSite\",\"@id\":\"https:\/\/www.hotelitaliaverona.it\/de\/#website\",\"url\":\"https:\/\/www.hotelitaliaverona.it\/de\/\",\"name\":\"Hotel Italia Verona\",\"description\":\"Just another ms.decms.eu site\",\"potentialAction\":[{\"@type\":\"SearchAction\",\"target\":{\"@type\":\"EntryPoint\",\"urlTemplate\":\"https:\/\/www.hotelitaliaverona.it\/de\/?s={search_term_string}\"},\"query-input\":{\"@type\":\"PropertyValueSpecification\",\"valueRequired\":true,\"valueName\":\"search_term_string\"}}],\"inLanguage\":\"de-DE\"}]}<\/script>\n<!-- \/ Yoast SEO plugin. -->","yoast_head_json":{"title":"Pacchetto Opera - Hotel Italia Verona","robots":{"index":"index","follow":"follow","max-snippet":"max-snippet:-1","max-image-preview":"max-image-preview:large","max-video-preview":"max-video-preview:-1"},"canonical":"https:\/\/www.hotelitaliaverona.it\/de\/arena\/pacchetto-opera\/","og_locale":"de_DE","og_type":"article","og_title":"Pacchetto Opera - Hotel Italia Verona","og_description":"Tauchen Sie ein in die zeitlose Eleganz von Verona und lassen Sie sich von der magischen Atmosph\u00e4re der Arena di Verona verzaubern. Dieses exklusive Paket wurde zusammengestellt, um Ihnen ein unvergessliches Erlebnis zwischen Geschichte, Kultur und erstklassiger Gastfreundschaft zu bieten. &nbsp; Im Paket enthaltene Leistungen: \u00dcbernachtung in gehobenem Ambiente: Genie\u00dfen Sie eine oder mehrere \u00dcbernachtungen [&hellip;]","og_url":"https:\/\/www.hotelitaliaverona.it\/de\/arena\/pacchetto-opera\/","og_site_name":"Hotel Italia Verona","article_modified_time":"2026-01-31T13:54:00+00:00","twitter_card":"summary_large_image","twitter_misc":{"Gesch\u00e4tzte Lesezeit":"1 Minute"},"schema":{"@context":"https:\/\/schema.org","@graph":[{"@type":"WebPage","@id":"https:\/\/www.hotelitaliaverona.it\/de\/arena\/pacchetto-opera\/","url":"https:\/\/www.hotelitaliaverona.it\/de\/arena\/pacchetto-opera\/","name":"Pacchetto Opera - Hotel Italia Verona","isPartOf":{"@id":"https:\/\/www.hotelitaliaverona.it\/de\/#website"},"datePublished":"2022-01-27T07:44:31+00:00","dateModified":"2026-01-31T13:54:00+00:00","breadcrumb":{"@id":"https:\/\/www.hotelitaliaverona.it\/de\/arena\/pacchetto-opera\/#breadcrumb"},"inLanguage":"de-DE","potentialAction":[{"@type":"ReadAction","target":["https:\/\/www.hotelitaliaverona.it\/de\/arena\/pacchetto-opera\/"]}]},{"@type":"BreadcrumbList","@id":"https:\/\/www.hotelitaliaverona.it\/de\/arena\/pacchetto-opera\/#breadcrumb","itemListElement":[{"@type":"ListItem","position":1,"name":"Home","item":"https:\/\/www.hotelitaliaverona.it\/de\/"},{"@type":"ListItem","position":2,"name":"Arena","item":"https:\/\/www.hotelitaliaverona.it\/de\/arena\/"},{"@type":"ListItem","position":3,"name":"Pacchetto Opera"}]},{"@type":"WebSite","@id":"https:\/\/www.hotelitaliaverona.it\/de\/#website","url":"https:\/\/www.hotelitaliaverona.it\/de\/","name":"Hotel Italia Verona","description":"Just another ms.decms.eu site","potentialAction":[{"@type":"SearchAction","target":{"@type":"EntryPoint","urlTemplate":"https:\/\/www.hotelitaliaverona.it\/de\/?s={search_term_string}"},"query-input":{"@type":"PropertyValueSpecification","valueRequired":true,"valueName":"search_term_string"}}],"inLanguage":"de-DE"}]}},"acf":[],"_links":{"self":[{"href":"https:\/\/www.hotelitaliaverona.it\/de\/wp-json\/wp\/v2\/pages\/855","targetHints":{"allow":["GET"]}}],"collection":[{"href":"https:\/\/www.hotelitaliaverona.it\/de\/wp-json\/wp\/v2\/pages"}],"about":[{"href":"https:\/\/www.hotelitaliaverona.it\/de\/wp-json\/wp\/v2\/types\/page"}],"author":[{"embeddable":true,"href":"https:\/\/www.hotelitaliaverona.it\/de\/wp-json\/wp\/v2\/users\/321"}],"replies":[{"embeddable":true,"href":"https:\/\/www.hotelitaliaverona.it\/de\/wp-json\/wp\/v2\/comments?post=855"}],"version-history":[{"count":0,"href":"https:\/\/www.hotelitaliaverona.it\/de\/wp-json\/wp\/v2\/pages\/855\/revisions"}],"up":[{"embeddable":true,"href":"https:\/\/www.hotelitaliaverona.it\/de\/wp-json\/wp\/v2\/pages\/231"}],"wp:attachment":[{"href":"https:\/\/www.hotelitaliaverona.it\/de\/wp-json\/wp\/v2\/media?parent=855"}],"curies":[{"name":"wp","href":"https:\/\/api.w.org\/{rel}","templated":true}]}}