{"id":788,"date":"2021-12-11T07:19:58","date_gmt":"2021-12-11T07:19:58","guid":{"rendered":"https:\/\/www.hotelitaliaverona.it\/parcheggio\/"},"modified":"2022-01-31T17:50:02","modified_gmt":"2022-01-31T17:50:02","slug":"parcheggio","status":"publish","type":"page","link":"https:\/\/www.hotelitaliaverona.it\/de\/parcheggio\/","title":{"rendered":"PARKEN"},"content":{"rendered":"<p style=\"text-align: center\">Sie brauchen kein Parkuhr, wenn Sie bei Hotel Italia parken.<\/p>\n<p style=\"text-align: center\">Wir haben ein Platz f\u00fcr jeden Wagen: PKW, SUV, Kleinswagen&#8230;<\/p>\n<p>&nbsp;<\/p>\n<p style=\"text-align: center\"><em><span class=\"text\" lang=\"de\">Wegen der gro\u00dfen Nachfrage und der begrenzten Verf\u00fcgbarkeit empfehlen wir eine fr\u00fchzeitige Buchung.<\/span><\/em><\/p>\n<p style=\"text-align: center\">Bitte, reservieren Sie Ihr Parkplatz zu info@hotelitaliaverona.it mit dem Modell Ihres Auto.<\/p>\n<p>&nbsp;<\/p>\n<p>&nbsp;<\/p>\n<p>&nbsp;<\/p>\n","protected":false},"excerpt":{"rendered":"<p>Sie brauchen kein Parkuhr, wenn Sie bei Hotel Italia parken. Wir haben ein Platz f\u00fcr jeden Wagen: PKW, SUV, Kleinswagen&#8230; &nbsp; Wegen der gro\u00dfen Nachfrage und der begrenzten Verf\u00fcgbarkeit empfehlen wir eine fr\u00fchzeitige Buchung. Bitte, reservieren Sie Ihr Parkplatz zu info@hotelitaliaverona.it mit dem Modell Ihres Auto. &nbsp; &nbsp; &nbsp;<\/p>\n","protected":false},"author":321,"featured_media":0,"parent":0,"menu_order":0,"comment_status":"closed","ping_status":"closed","template":"template-services.php","meta":{"footnotes":""},"class_list":["post-788","page","type-page","status-publish","hentry"],"yoast_head":"<!-- This site is optimized with the Yoast SEO plugin v26.9 - https:\/\/yoast.com\/product\/yoast-seo-wordpress\/ -->\n<title>PARKEN - Hotel Italia Verona<\/title>\n<meta name=\"robots\" content=\"index, follow, max-snippet:-1, max-image-preview:large, max-video-preview:-1\" \/>\n<link rel=\"canonical\" href=\"https:\/\/www.hotelitaliaverona.it\/de\/parcheggio\/\" \/>\n<meta property=\"og:locale\" content=\"de_DE\" \/>\n<meta property=\"og:type\" content=\"article\" \/>\n<meta property=\"og:title\" content=\"PARKEN - Hotel Italia Verona\" \/>\n<meta property=\"og:description\" content=\"Sie brauchen kein Parkuhr, wenn Sie bei Hotel Italia parken. Wir haben ein Platz f\u00fcr jeden Wagen: PKW, SUV, Kleinswagen&#8230; &nbsp; Wegen der gro\u00dfen Nachfrage und der begrenzten Verf\u00fcgbarkeit empfehlen wir eine fr\u00fchzeitige Buchung. Bitte, reservieren Sie Ihr Parkplatz zu info@hotelitaliaverona.it mit dem Modell Ihres Auto. &nbsp; &nbsp; &nbsp;\" \/>\n<meta property=\"og:url\" content=\"https:\/\/www.hotelitaliaverona.it\/de\/parcheggio\/\" \/>\n<meta property=\"og:site_name\" content=\"Hotel Italia Verona\" \/>\n<meta property=\"article:modified_time\" content=\"2022-01-31T17:50:02+00:00\" \/>\n<meta name=\"twitter:card\" content=\"summary_large_image\" \/>\n<meta name=\"twitter:label1\" content=\"Gesch\u00e4tzte Lesezeit\" \/>\n\t<meta name=\"twitter:data1\" content=\"-1393 Minuten\" \/>\n<script type=\"application\/ld+json\" class=\"yoast-schema-graph\">{\"@context\":\"https:\/\/schema.org\",\"@graph\":[{\"@type\":\"WebPage\",\"@id\":\"https:\/\/www.hotelitaliaverona.it\/de\/parcheggio\/\",\"url\":\"https:\/\/www.hotelitaliaverona.it\/de\/parcheggio\/\",\"name\":\"PARKEN - Hotel Italia Verona\",\"isPartOf\":{\"@id\":\"https:\/\/www.hotelitaliaverona.it\/de\/#website\"},\"datePublished\":\"2021-12-11T07:19:58+00:00\",\"dateModified\":\"2022-01-31T17:50:02+00:00\",\"breadcrumb\":{\"@id\":\"https:\/\/www.hotelitaliaverona.it\/de\/parcheggio\/#breadcrumb\"},\"inLanguage\":\"de-DE\",\"potentialAction\":[{\"@type\":\"ReadAction\",\"target\":[\"https:\/\/www.hotelitaliaverona.it\/de\/parcheggio\/\"]}]},{\"@type\":\"BreadcrumbList\",\"@id\":\"https:\/\/www.hotelitaliaverona.it\/de\/parcheggio\/#breadcrumb\",\"itemListElement\":[{\"@type\":\"ListItem\",\"position\":1,\"name\":\"Home\",\"item\":\"https:\/\/www.hotelitaliaverona.it\/de\/\"},{\"@type\":\"ListItem\",\"position\":2,\"name\":\"PARKEN\"}]},{\"@type\":\"WebSite\",\"@id\":\"https:\/\/www.hotelitaliaverona.it\/de\/#website\",\"url\":\"https:\/\/www.hotelitaliaverona.it\/de\/\",\"name\":\"Hotel Italia Verona\",\"description\":\"Just another ms.decms.eu site\",\"potentialAction\":[{\"@type\":\"SearchAction\",\"target\":{\"@type\":\"EntryPoint\",\"urlTemplate\":\"https:\/\/www.hotelitaliaverona.it\/de\/?s={search_term_string}\"},\"query-input\":{\"@type\":\"PropertyValueSpecification\",\"valueRequired\":true,\"valueName\":\"search_term_string\"}}],\"inLanguage\":\"de-DE\"}]}<\/script>\n<!-- \/ Yoast SEO plugin. -->","yoast_head_json":{"title":"PARKEN - Hotel Italia Verona","robots":{"index":"index","follow":"follow","max-snippet":"max-snippet:-1","max-image-preview":"max-image-preview:large","max-video-preview":"max-video-preview:-1"},"canonical":"https:\/\/www.hotelitaliaverona.it\/de\/parcheggio\/","og_locale":"de_DE","og_type":"article","og_title":"PARKEN - Hotel Italia Verona","og_description":"Sie brauchen kein Parkuhr, wenn Sie bei Hotel Italia parken. Wir haben ein Platz f\u00fcr jeden Wagen: PKW, SUV, Kleinswagen&#8230; &nbsp; Wegen der gro\u00dfen Nachfrage und der begrenzten Verf\u00fcgbarkeit empfehlen wir eine fr\u00fchzeitige Buchung. Bitte, reservieren Sie Ihr Parkplatz zu info@hotelitaliaverona.it mit dem Modell Ihres Auto. &nbsp; &nbsp; &nbsp;","og_url":"https:\/\/www.hotelitaliaverona.it\/de\/parcheggio\/","og_site_name":"Hotel Italia Verona","article_modified_time":"2022-01-31T17:50:02+00:00","twitter_card":"summary_large_image","twitter_misc":{"Gesch\u00e4tzte Lesezeit":"-1393 Minuten"},"schema":{"@context":"https:\/\/schema.org","@graph":[{"@type":"WebPage","@id":"https:\/\/www.hotelitaliaverona.it\/de\/parcheggio\/","url":"https:\/\/www.hotelitaliaverona.it\/de\/parcheggio\/","name":"PARKEN - Hotel Italia Verona","isPartOf":{"@id":"https:\/\/www.hotelitaliaverona.it\/de\/#website"},"datePublished":"2021-12-11T07:19:58+00:00","dateModified":"2022-01-31T17:50:02+00:00","breadcrumb":{"@id":"https:\/\/www.hotelitaliaverona.it\/de\/parcheggio\/#breadcrumb"},"inLanguage":"de-DE","potentialAction":[{"@type":"ReadAction","target":["https:\/\/www.hotelitaliaverona.it\/de\/parcheggio\/"]}]},{"@type":"BreadcrumbList","@id":"https:\/\/www.hotelitaliaverona.it\/de\/parcheggio\/#breadcrumb","itemListElement":[{"@type":"ListItem","position":1,"name":"Home","item":"https:\/\/www.hotelitaliaverona.it\/de\/"},{"@type":"ListItem","position":2,"name":"PARKEN"}]},{"@type":"WebSite","@id":"https:\/\/www.hotelitaliaverona.it\/de\/#website","url":"https:\/\/www.hotelitaliaverona.it\/de\/","name":"Hotel Italia Verona","description":"Just another ms.decms.eu site","potentialAction":[{"@type":"SearchAction","target":{"@type":"EntryPoint","urlTemplate":"https:\/\/www.hotelitaliaverona.it\/de\/?s={search_term_string}"},"query-input":{"@type":"PropertyValueSpecification","valueRequired":true,"valueName":"search_term_string"}}],"inLanguage":"de-DE"}]}},"acf":[],"_links":{"self":[{"href":"https:\/\/www.hotelitaliaverona.it\/de\/wp-json\/wp\/v2\/pages\/788","targetHints":{"allow":["GET"]}}],"collection":[{"href":"https:\/\/www.hotelitaliaverona.it\/de\/wp-json\/wp\/v2\/pages"}],"about":[{"href":"https:\/\/www.hotelitaliaverona.it\/de\/wp-json\/wp\/v2\/types\/page"}],"author":[{"embeddable":true,"href":"https:\/\/www.hotelitaliaverona.it\/de\/wp-json\/wp\/v2\/users\/321"}],"replies":[{"embeddable":true,"href":"https:\/\/www.hotelitaliaverona.it\/de\/wp-json\/wp\/v2\/comments?post=788"}],"version-history":[{"count":0,"href":"https:\/\/www.hotelitaliaverona.it\/de\/wp-json\/wp\/v2\/pages\/788\/revisions"}],"wp:attachment":[{"href":"https:\/\/www.hotelitaliaverona.it\/de\/wp-json\/wp\/v2\/media?parent=788"}],"curies":[{"name":"wp","href":"https:\/\/api.w.org\/{rel}","templated":true}]}}