{"id":5,"date":"2021-06-07T19:15:14","date_gmt":"2021-06-07T19:15:14","guid":{"rendered":"https:\/\/italiaverona.ms.decms.eu\/?page_id=5"},"modified":"2023-11-12T18:21:51","modified_gmt":"2023-11-12T18:21:51","slug":"hotel-italia-verona","status":"publish","type":"page","link":"https:\/\/www.hotelitaliaverona.it\/de\/","title":{"rendered":"Hotel Italia Verona"},"content":{"rendered":"<p>Das Hotel Italia ist ein b<strong>ezauberndes 3-Sterne-Hotel im Zentrum Veronas<\/strong>, ganz in der N\u00e4he der Altstadt mit ihren herrlichen Sehensw\u00fcrdigkeiten. <strong>Der Dom<\/strong> und das R\u00f6mische Theater liegen nur 800 Meter entfernt, ebenfalls in der N\u00e4he sind <strong>die Piazza delle Erbe<\/strong> und das Haus der Julia. <strong>Zur Arena gelangt<\/strong> man auf einem sch\u00f6nen Spaziergang durch die romantischen G\u00e4sschen der Altstadt.<\/p>\n<p>Das Hotel Italia liegt auch nur 300 Meter <strong>vom Krankenhaus &#8222;Borgo Trento&#8220; entfernt<\/strong> und ist von Bahnhof und Flughafen aus leicht mit \u00f6ffentlichen Bussen zu erreichen.<br \/>\n<strong>Die Messe<\/strong> ist nur 5 Kilometer entfernt.<\/p>\n<p>Das Hotel verf\u00fcgt \u00fcber <strong>Zimmer<\/strong> der Kategorien Standard, Komfort, Superior und Junior Suites, eine eigene <strong>Garage<\/strong>, ein hervorragendes <strong>Restaurant<\/strong>, das in der sch\u00f6nen Jahreszeit auf die Sommerterrasse \u00fcbersiedelt, \u00fcber eine kleine Lobby und einen <strong>Konferenzraum<\/strong>.<\/p>\n","protected":false},"excerpt":{"rendered":"<p>Das Hotel Italia ist ein bezauberndes 3-Sterne-Hotel im Zentrum Veronas, ganz in der N\u00e4he der Altstadt mit ihren herrlichen Sehensw\u00fcrdigkeiten. Der Dom und das R\u00f6mische Theater liegen nur 800 Meter entfernt, ebenfalls in der N\u00e4he sind die Piazza delle Erbe und das Haus der Julia. Zur Arena gelangt man auf einem sch\u00f6nen Spaziergang durch die [&hellip;]<\/p>\n","protected":false},"author":7,"featured_media":0,"parent":0,"menu_order":0,"comment_status":"closed","ping_status":"closed","template":"","meta":{"footnotes":""},"class_list":["post-5","page","type-page","status-publish","hentry"],"yoast_head":"<!-- This site is optimized with the Yoast SEO plugin v26.9 - https:\/\/yoast.com\/product\/yoast-seo-wordpress\/ -->\n<title>Hotel Italia Verona - Hotel Italia Verona<\/title>\n<meta name=\"robots\" content=\"index, follow, max-snippet:-1, max-image-preview:large, max-video-preview:-1\" \/>\n<link rel=\"canonical\" href=\"https:\/\/www.hotelitaliaverona.it\/de\/\" \/>\n<meta property=\"og:locale\" content=\"de_DE\" \/>\n<meta property=\"og:type\" content=\"article\" \/>\n<meta property=\"og:title\" content=\"Hotel Italia Verona - Hotel Italia Verona\" \/>\n<meta property=\"og:description\" content=\"Das Hotel Italia ist ein bezauberndes 3-Sterne-Hotel im Zentrum Veronas, ganz in der N\u00e4he der Altstadt mit ihren herrlichen Sehensw\u00fcrdigkeiten. Der Dom und das R\u00f6mische Theater liegen nur 800 Meter entfernt, ebenfalls in der N\u00e4he sind die Piazza delle Erbe und das Haus der Julia. Zur Arena gelangt man auf einem sch\u00f6nen Spaziergang durch die [&hellip;]\" \/>\n<meta property=\"og:url\" content=\"https:\/\/www.hotelitaliaverona.it\/de\/\" \/>\n<meta property=\"og:site_name\" content=\"Hotel Italia Verona\" \/>\n<meta property=\"article:modified_time\" content=\"2023-11-12T18:21:51+00:00\" \/>\n<meta name=\"twitter:card\" content=\"summary_large_image\" \/>\n<meta name=\"twitter:label1\" content=\"Gesch\u00e4tzte Lesezeit\" \/>\n\t<meta name=\"twitter:data1\" content=\"1 Minute\" \/>\n<script type=\"application\/ld+json\" class=\"yoast-schema-graph\">{\"@context\":\"https:\/\/schema.org\",\"@graph\":[{\"@type\":\"WebPage\",\"@id\":\"https:\/\/www.hotelitaliaverona.it\/de\/\",\"url\":\"https:\/\/www.hotelitaliaverona.it\/de\/\",\"name\":\"Hotel Italia Verona - Hotel Italia Verona\",\"isPartOf\":{\"@id\":\"https:\/\/www.hotelitaliaverona.it\/de\/#website\"},\"datePublished\":\"2021-06-07T19:15:14+00:00\",\"dateModified\":\"2023-11-12T18:21:51+00:00\",\"breadcrumb\":{\"@id\":\"https:\/\/www.hotelitaliaverona.it\/de\/#breadcrumb\"},\"inLanguage\":\"de-DE\",\"potentialAction\":[{\"@type\":\"ReadAction\",\"target\":[\"https:\/\/www.hotelitaliaverona.it\/de\/\"]}]},{\"@type\":\"BreadcrumbList\",\"@id\":\"https:\/\/www.hotelitaliaverona.it\/de\/#breadcrumb\",\"itemListElement\":[{\"@type\":\"ListItem\",\"position\":1,\"name\":\"Home\",\"item\":\"https:\/\/www.hotelitaliaverona.it\/de\/\"},{\"@type\":\"ListItem\",\"position\":2,\"name\":\"Hotel Italia Verona\"}]},{\"@type\":\"WebSite\",\"@id\":\"https:\/\/www.hotelitaliaverona.it\/de\/#website\",\"url\":\"https:\/\/www.hotelitaliaverona.it\/de\/\",\"name\":\"Hotel Italia Verona\",\"description\":\"Just another ms.decms.eu site\",\"potentialAction\":[{\"@type\":\"SearchAction\",\"target\":{\"@type\":\"EntryPoint\",\"urlTemplate\":\"https:\/\/www.hotelitaliaverona.it\/de\/?s={search_term_string}\"},\"query-input\":{\"@type\":\"PropertyValueSpecification\",\"valueRequired\":true,\"valueName\":\"search_term_string\"}}],\"inLanguage\":\"de-DE\"}]}<\/script>\n<!-- \/ Yoast SEO plugin. -->","yoast_head_json":{"title":"Hotel Italia Verona - Hotel Italia Verona","robots":{"index":"index","follow":"follow","max-snippet":"max-snippet:-1","max-image-preview":"max-image-preview:large","max-video-preview":"max-video-preview:-1"},"canonical":"https:\/\/www.hotelitaliaverona.it\/de\/","og_locale":"de_DE","og_type":"article","og_title":"Hotel Italia Verona - Hotel Italia Verona","og_description":"Das Hotel Italia ist ein bezauberndes 3-Sterne-Hotel im Zentrum Veronas, ganz in der N\u00e4he der Altstadt mit ihren herrlichen Sehensw\u00fcrdigkeiten. Der Dom und das R\u00f6mische Theater liegen nur 800 Meter entfernt, ebenfalls in der N\u00e4he sind die Piazza delle Erbe und das Haus der Julia. Zur Arena gelangt man auf einem sch\u00f6nen Spaziergang durch die [&hellip;]","og_url":"https:\/\/www.hotelitaliaverona.it\/de\/","og_site_name":"Hotel Italia Verona","article_modified_time":"2023-11-12T18:21:51+00:00","twitter_card":"summary_large_image","twitter_misc":{"Gesch\u00e4tzte Lesezeit":"1 Minute"},"schema":{"@context":"https:\/\/schema.org","@graph":[{"@type":"WebPage","@id":"https:\/\/www.hotelitaliaverona.it\/de\/","url":"https:\/\/www.hotelitaliaverona.it\/de\/","name":"Hotel Italia Verona - Hotel Italia Verona","isPartOf":{"@id":"https:\/\/www.hotelitaliaverona.it\/de\/#website"},"datePublished":"2021-06-07T19:15:14+00:00","dateModified":"2023-11-12T18:21:51+00:00","breadcrumb":{"@id":"https:\/\/www.hotelitaliaverona.it\/de\/#breadcrumb"},"inLanguage":"de-DE","potentialAction":[{"@type":"ReadAction","target":["https:\/\/www.hotelitaliaverona.it\/de\/"]}]},{"@type":"BreadcrumbList","@id":"https:\/\/www.hotelitaliaverona.it\/de\/#breadcrumb","itemListElement":[{"@type":"ListItem","position":1,"name":"Home","item":"https:\/\/www.hotelitaliaverona.it\/de\/"},{"@type":"ListItem","position":2,"name":"Hotel Italia Verona"}]},{"@type":"WebSite","@id":"https:\/\/www.hotelitaliaverona.it\/de\/#website","url":"https:\/\/www.hotelitaliaverona.it\/de\/","name":"Hotel Italia Verona","description":"Just another ms.decms.eu site","potentialAction":[{"@type":"SearchAction","target":{"@type":"EntryPoint","urlTemplate":"https:\/\/www.hotelitaliaverona.it\/de\/?s={search_term_string}"},"query-input":{"@type":"PropertyValueSpecification","valueRequired":true,"valueName":"search_term_string"}}],"inLanguage":"de-DE"}]}},"acf":[],"_links":{"self":[{"href":"https:\/\/www.hotelitaliaverona.it\/de\/wp-json\/wp\/v2\/pages\/5","targetHints":{"allow":["GET"]}}],"collection":[{"href":"https:\/\/www.hotelitaliaverona.it\/de\/wp-json\/wp\/v2\/pages"}],"about":[{"href":"https:\/\/www.hotelitaliaverona.it\/de\/wp-json\/wp\/v2\/types\/page"}],"author":[{"embeddable":true,"href":"https:\/\/www.hotelitaliaverona.it\/de\/wp-json\/wp\/v2\/users\/7"}],"replies":[{"embeddable":true,"href":"https:\/\/www.hotelitaliaverona.it\/de\/wp-json\/wp\/v2\/comments?post=5"}],"version-history":[{"count":0,"href":"https:\/\/www.hotelitaliaverona.it\/de\/wp-json\/wp\/v2\/pages\/5\/revisions"}],"wp:attachment":[{"href":"https:\/\/www.hotelitaliaverona.it\/de\/wp-json\/wp\/v2\/media?parent=5"}],"curies":[{"name":"wp","href":"https:\/\/api.w.org\/{rel}","templated":true}]}}