{"id":186,"date":"2021-06-09T13:09:40","date_gmt":"2021-06-09T13:09:40","guid":{"rendered":"https:\/\/italiaverona.ms.decms.eu\/?page_id=186"},"modified":"2021-06-09T13:09:56","modified_gmt":"2021-06-09T13:09:56","slug":"veranstaltung","status":"publish","type":"page","link":"https:\/\/www.hotelitaliaverona.it\/de\/veranstaltung\/","title":{"rendered":"Veranstaltung"},"content":{"rendered":"<p>Der Konferenzraum des Hotels Italia fasst bis zu 50 Personen bei Sitzordnung in Reihen, wobei auch andere Anordnungen (Hufeisen, Langtafel, Schulanordnung) m\u00f6glich sind. Der Raum verf\u00fcgt \u00fcber WLAN und die neuesten technischen Hilfsmittel. <strong>Er eignet sich ideal fuer Schulungen, Fortbildungen, Ausstellungen, Meetings und Vorstellungsgespr\u00e4che<\/strong>.<\/p>\n<p>Unser <strong>Ristorantino Italia<\/strong> bietet den Teilnehmern im Hotel Light Lunches, Arbeitsessen und Galadiners, w\u00e4hrend man im Sommer eine Kaffeepause oder einen Aperitif auf der <strong>Terrasse organisieren kann<\/strong>.<\/p>\n","protected":false},"excerpt":{"rendered":"<p>Der Konferenzraum des Hotels Italia fasst bis zu 50 Personen bei Sitzordnung in Reihen, wobei auch andere Anordnungen (Hufeisen, Langtafel, Schulanordnung) m\u00f6glich sind. Der Raum verf\u00fcgt \u00fcber WLAN und die neuesten technischen Hilfsmittel. Er eignet sich ideal fuer Schulungen, Fortbildungen, Ausstellungen, Meetings und Vorstellungsgespr\u00e4che. Unser Ristorantino Italia bietet den Teilnehmern im Hotel Light Lunches, Arbeitsessen [&hellip;]<\/p>\n","protected":false},"author":7,"featured_media":0,"parent":0,"menu_order":10,"comment_status":"closed","ping_status":"closed","template":"template-meeting.php","meta":{"footnotes":""},"class_list":["post-186","page","type-page","status-publish","hentry"],"yoast_head":"<!-- This site is optimized with the Yoast SEO plugin v26.9 - https:\/\/yoast.com\/product\/yoast-seo-wordpress\/ -->\n<title>Veranstaltung - Hotel Italia Verona<\/title>\n<meta name=\"robots\" content=\"index, follow, max-snippet:-1, max-image-preview:large, max-video-preview:-1\" \/>\n<link rel=\"canonical\" href=\"https:\/\/www.hotelitaliaverona.it\/de\/veranstaltung\/\" \/>\n<meta property=\"og:locale\" content=\"de_DE\" \/>\n<meta property=\"og:type\" content=\"article\" \/>\n<meta property=\"og:title\" content=\"Veranstaltung - Hotel Italia Verona\" \/>\n<meta property=\"og:description\" content=\"Der Konferenzraum des Hotels Italia fasst bis zu 50 Personen bei Sitzordnung in Reihen, wobei auch andere Anordnungen (Hufeisen, Langtafel, Schulanordnung) m\u00f6glich sind. Der Raum verf\u00fcgt \u00fcber WLAN und die neuesten technischen Hilfsmittel. Er eignet sich ideal fuer Schulungen, Fortbildungen, Ausstellungen, Meetings und Vorstellungsgespr\u00e4che. Unser Ristorantino Italia bietet den Teilnehmern im Hotel Light Lunches, Arbeitsessen [&hellip;]\" \/>\n<meta property=\"og:url\" content=\"https:\/\/www.hotelitaliaverona.it\/de\/veranstaltung\/\" \/>\n<meta property=\"og:site_name\" content=\"Hotel Italia Verona\" \/>\n<meta property=\"article:modified_time\" content=\"2021-06-09T13:09:56+00:00\" \/>\n<meta name=\"twitter:card\" content=\"summary_large_image\" \/>\n<script type=\"application\/ld+json\" class=\"yoast-schema-graph\">{\"@context\":\"https:\/\/schema.org\",\"@graph\":[{\"@type\":\"WebPage\",\"@id\":\"https:\/\/www.hotelitaliaverona.it\/de\/veranstaltung\/\",\"url\":\"https:\/\/www.hotelitaliaverona.it\/de\/veranstaltung\/\",\"name\":\"Veranstaltung - Hotel Italia Verona\",\"isPartOf\":{\"@id\":\"https:\/\/www.hotelitaliaverona.it\/de\/#website\"},\"datePublished\":\"2021-06-09T13:09:40+00:00\",\"dateModified\":\"2021-06-09T13:09:56+00:00\",\"breadcrumb\":{\"@id\":\"https:\/\/www.hotelitaliaverona.it\/de\/veranstaltung\/#breadcrumb\"},\"inLanguage\":\"de-DE\",\"potentialAction\":[{\"@type\":\"ReadAction\",\"target\":[\"https:\/\/www.hotelitaliaverona.it\/de\/veranstaltung\/\"]}]},{\"@type\":\"BreadcrumbList\",\"@id\":\"https:\/\/www.hotelitaliaverona.it\/de\/veranstaltung\/#breadcrumb\",\"itemListElement\":[{\"@type\":\"ListItem\",\"position\":1,\"name\":\"Home\",\"item\":\"https:\/\/www.hotelitaliaverona.it\/de\/\"},{\"@type\":\"ListItem\",\"position\":2,\"name\":\"Veranstaltung\"}]},{\"@type\":\"WebSite\",\"@id\":\"https:\/\/www.hotelitaliaverona.it\/de\/#website\",\"url\":\"https:\/\/www.hotelitaliaverona.it\/de\/\",\"name\":\"Hotel Italia Verona\",\"description\":\"Just another ms.decms.eu site\",\"potentialAction\":[{\"@type\":\"SearchAction\",\"target\":{\"@type\":\"EntryPoint\",\"urlTemplate\":\"https:\/\/www.hotelitaliaverona.it\/de\/?s={search_term_string}\"},\"query-input\":{\"@type\":\"PropertyValueSpecification\",\"valueRequired\":true,\"valueName\":\"search_term_string\"}}],\"inLanguage\":\"de-DE\"}]}<\/script>\n<!-- \/ Yoast SEO plugin. -->","yoast_head_json":{"title":"Veranstaltung - Hotel Italia Verona","robots":{"index":"index","follow":"follow","max-snippet":"max-snippet:-1","max-image-preview":"max-image-preview:large","max-video-preview":"max-video-preview:-1"},"canonical":"https:\/\/www.hotelitaliaverona.it\/de\/veranstaltung\/","og_locale":"de_DE","og_type":"article","og_title":"Veranstaltung - Hotel Italia Verona","og_description":"Der Konferenzraum des Hotels Italia fasst bis zu 50 Personen bei Sitzordnung in Reihen, wobei auch andere Anordnungen (Hufeisen, Langtafel, Schulanordnung) m\u00f6glich sind. Der Raum verf\u00fcgt \u00fcber WLAN und die neuesten technischen Hilfsmittel. Er eignet sich ideal fuer Schulungen, Fortbildungen, Ausstellungen, Meetings und Vorstellungsgespr\u00e4che. Unser Ristorantino Italia bietet den Teilnehmern im Hotel Light Lunches, Arbeitsessen [&hellip;]","og_url":"https:\/\/www.hotelitaliaverona.it\/de\/veranstaltung\/","og_site_name":"Hotel Italia Verona","article_modified_time":"2021-06-09T13:09:56+00:00","twitter_card":"summary_large_image","schema":{"@context":"https:\/\/schema.org","@graph":[{"@type":"WebPage","@id":"https:\/\/www.hotelitaliaverona.it\/de\/veranstaltung\/","url":"https:\/\/www.hotelitaliaverona.it\/de\/veranstaltung\/","name":"Veranstaltung - Hotel Italia Verona","isPartOf":{"@id":"https:\/\/www.hotelitaliaverona.it\/de\/#website"},"datePublished":"2021-06-09T13:09:40+00:00","dateModified":"2021-06-09T13:09:56+00:00","breadcrumb":{"@id":"https:\/\/www.hotelitaliaverona.it\/de\/veranstaltung\/#breadcrumb"},"inLanguage":"de-DE","potentialAction":[{"@type":"ReadAction","target":["https:\/\/www.hotelitaliaverona.it\/de\/veranstaltung\/"]}]},{"@type":"BreadcrumbList","@id":"https:\/\/www.hotelitaliaverona.it\/de\/veranstaltung\/#breadcrumb","itemListElement":[{"@type":"ListItem","position":1,"name":"Home","item":"https:\/\/www.hotelitaliaverona.it\/de\/"},{"@type":"ListItem","position":2,"name":"Veranstaltung"}]},{"@type":"WebSite","@id":"https:\/\/www.hotelitaliaverona.it\/de\/#website","url":"https:\/\/www.hotelitaliaverona.it\/de\/","name":"Hotel Italia Verona","description":"Just another ms.decms.eu site","potentialAction":[{"@type":"SearchAction","target":{"@type":"EntryPoint","urlTemplate":"https:\/\/www.hotelitaliaverona.it\/de\/?s={search_term_string}"},"query-input":{"@type":"PropertyValueSpecification","valueRequired":true,"valueName":"search_term_string"}}],"inLanguage":"de-DE"}]}},"acf":[],"_links":{"self":[{"href":"https:\/\/www.hotelitaliaverona.it\/de\/wp-json\/wp\/v2\/pages\/186","targetHints":{"allow":["GET"]}}],"collection":[{"href":"https:\/\/www.hotelitaliaverona.it\/de\/wp-json\/wp\/v2\/pages"}],"about":[{"href":"https:\/\/www.hotelitaliaverona.it\/de\/wp-json\/wp\/v2\/types\/page"}],"author":[{"embeddable":true,"href":"https:\/\/www.hotelitaliaverona.it\/de\/wp-json\/wp\/v2\/users\/7"}],"replies":[{"embeddable":true,"href":"https:\/\/www.hotelitaliaverona.it\/de\/wp-json\/wp\/v2\/comments?post=186"}],"version-history":[{"count":0,"href":"https:\/\/www.hotelitaliaverona.it\/de\/wp-json\/wp\/v2\/pages\/186\/revisions"}],"wp:attachment":[{"href":"https:\/\/www.hotelitaliaverona.it\/de\/wp-json\/wp\/v2\/media?parent=186"}],"curies":[{"name":"wp","href":"https:\/\/api.w.org\/{rel}","templated":true}]}}