{"id":177,"date":"2021-06-09T10:42:02","date_gmt":"2021-06-09T10:42:02","guid":{"rendered":"https:\/\/italiaverona.ms.decms.eu\/?page_id=177"},"modified":"2025-02-16T09:55:03","modified_gmt":"2025-02-16T09:55:03","slug":"economy-doppelzimmer","status":"publish","type":"page","link":"https:\/\/www.hotelitaliaverona.it\/de\/unsere-zimmer\/economy-doppelzimmer\/","title":{"rendered":"Economy Zimmer"},"content":{"rendered":"<p>Die Economy-Zimmer sind eine gute Option, um von den besten Angeboten zu profitieren.<\/p>\n<p>KLEINES DOPPELZIMMER ein kleines Doppelzimmer f\u00fcr 1 oder 2 Personen<\/p>\n<p>DOPPELZIMMER MIT EINEM ZUSATZBETT ein Doppelzimmer mit einem zus\u00e4tzlichen Einzelbett f\u00fcr 1, 2 oder 3 Personen (kleiner als das Dreibettzimmer)<\/p>\n<p>DOPPELZIMMER MIT ZWEI ZUSATZBETTEN ein Doppelzimmer mit zwei zus\u00e4tzlichen Einzelbetten f\u00fcr 1, 2, 3 oder 4 Personen (kleiner als das Familienzimmer)<\/p>\n<p>&nbsp;<\/p>\n","protected":false},"excerpt":{"rendered":"<p>Die Economy-Zimmer sind eine gute Option, um von den besten Angeboten zu profitieren. KLEINES DOPPELZIMMER ein kleines Doppelzimmer f\u00fcr 1 oder 2 Personen DOPPELZIMMER MIT EINEM ZUSATZBETT ein Doppelzimmer mit einem zus\u00e4tzlichen Einzelbett f\u00fcr 1, 2 oder 3 Personen (kleiner als das Dreibettzimmer) DOPPELZIMMER MIT ZWEI ZUSATZBETTEN ein Doppelzimmer mit zwei zus\u00e4tzlichen Einzelbetten f\u00fcr 1, [&hellip;]<\/p>\n","protected":false},"author":7,"featured_media":0,"parent":72,"menu_order":3,"comment_status":"closed","ping_status":"closed","template":"template-single-room.php","meta":{"footnotes":""},"class_list":["post-177","page","type-page","status-publish","hentry"],"yoast_head":"<!-- This site is optimized with the Yoast SEO plugin v26.9 - https:\/\/yoast.com\/product\/yoast-seo-wordpress\/ -->\n<title>Economy Zimmer - Hotel Italia Verona<\/title>\n<meta name=\"robots\" content=\"index, follow, max-snippet:-1, max-image-preview:large, max-video-preview:-1\" \/>\n<link rel=\"canonical\" href=\"https:\/\/www.hotelitaliaverona.it\/de\/unsere-zimmer\/economy-doppelzimmer\/\" \/>\n<meta property=\"og:locale\" content=\"de_DE\" \/>\n<meta property=\"og:type\" content=\"article\" \/>\n<meta property=\"og:title\" content=\"Economy Zimmer - Hotel Italia Verona\" \/>\n<meta property=\"og:description\" content=\"Die Economy-Zimmer sind eine gute Option, um von den besten Angeboten zu profitieren. KLEINES DOPPELZIMMER ein kleines Doppelzimmer f\u00fcr 1 oder 2 Personen DOPPELZIMMER MIT EINEM ZUSATZBETT ein Doppelzimmer mit einem zus\u00e4tzlichen Einzelbett f\u00fcr 1, 2 oder 3 Personen (kleiner als das Dreibettzimmer) DOPPELZIMMER MIT ZWEI ZUSATZBETTEN ein Doppelzimmer mit zwei zus\u00e4tzlichen Einzelbetten f\u00fcr 1, [&hellip;]\" \/>\n<meta property=\"og:url\" content=\"https:\/\/www.hotelitaliaverona.it\/de\/unsere-zimmer\/economy-doppelzimmer\/\" \/>\n<meta property=\"og:site_name\" content=\"Hotel Italia Verona\" \/>\n<meta property=\"article:modified_time\" content=\"2025-02-16T09:55:03+00:00\" \/>\n<meta name=\"twitter:card\" content=\"summary_large_image\" \/>\n<meta name=\"twitter:label1\" content=\"Gesch\u00e4tzte Lesezeit\" \/>\n\t<meta name=\"twitter:data1\" content=\"1 Minute\" \/>\n<script type=\"application\/ld+json\" class=\"yoast-schema-graph\">{\"@context\":\"https:\/\/schema.org\",\"@graph\":[{\"@type\":\"WebPage\",\"@id\":\"https:\/\/www.hotelitaliaverona.it\/de\/unsere-zimmer\/economy-doppelzimmer\/\",\"url\":\"https:\/\/www.hotelitaliaverona.it\/de\/unsere-zimmer\/economy-doppelzimmer\/\",\"name\":\"Economy Zimmer - Hotel Italia Verona\",\"isPartOf\":{\"@id\":\"https:\/\/www.hotelitaliaverona.it\/de\/#website\"},\"datePublished\":\"2021-06-09T10:42:02+00:00\",\"dateModified\":\"2025-02-16T09:55:03+00:00\",\"breadcrumb\":{\"@id\":\"https:\/\/www.hotelitaliaverona.it\/de\/unsere-zimmer\/economy-doppelzimmer\/#breadcrumb\"},\"inLanguage\":\"de-DE\",\"potentialAction\":[{\"@type\":\"ReadAction\",\"target\":[\"https:\/\/www.hotelitaliaverona.it\/de\/unsere-zimmer\/economy-doppelzimmer\/\"]}]},{\"@type\":\"BreadcrumbList\",\"@id\":\"https:\/\/www.hotelitaliaverona.it\/de\/unsere-zimmer\/economy-doppelzimmer\/#breadcrumb\",\"itemListElement\":[{\"@type\":\"ListItem\",\"position\":1,\"name\":\"Home\",\"item\":\"https:\/\/www.hotelitaliaverona.it\/de\/\"},{\"@type\":\"ListItem\",\"position\":2,\"name\":\"Unsere Zimmer\",\"item\":\"https:\/\/www.hotelitaliaverona.it\/de\/unsere-zimmer\/\"},{\"@type\":\"ListItem\",\"position\":3,\"name\":\"Economy Zimmer\"}]},{\"@type\":\"WebSite\",\"@id\":\"https:\/\/www.hotelitaliaverona.it\/de\/#website\",\"url\":\"https:\/\/www.hotelitaliaverona.it\/de\/\",\"name\":\"Hotel Italia Verona\",\"description\":\"Just another ms.decms.eu site\",\"potentialAction\":[{\"@type\":\"SearchAction\",\"target\":{\"@type\":\"EntryPoint\",\"urlTemplate\":\"https:\/\/www.hotelitaliaverona.it\/de\/?s={search_term_string}\"},\"query-input\":{\"@type\":\"PropertyValueSpecification\",\"valueRequired\":true,\"valueName\":\"search_term_string\"}}],\"inLanguage\":\"de-DE\"}]}<\/script>\n<!-- \/ Yoast SEO plugin. -->","yoast_head_json":{"title":"Economy Zimmer - Hotel Italia Verona","robots":{"index":"index","follow":"follow","max-snippet":"max-snippet:-1","max-image-preview":"max-image-preview:large","max-video-preview":"max-video-preview:-1"},"canonical":"https:\/\/www.hotelitaliaverona.it\/de\/unsere-zimmer\/economy-doppelzimmer\/","og_locale":"de_DE","og_type":"article","og_title":"Economy Zimmer - Hotel Italia Verona","og_description":"Die Economy-Zimmer sind eine gute Option, um von den besten Angeboten zu profitieren. KLEINES DOPPELZIMMER ein kleines Doppelzimmer f\u00fcr 1 oder 2 Personen DOPPELZIMMER MIT EINEM ZUSATZBETT ein Doppelzimmer mit einem zus\u00e4tzlichen Einzelbett f\u00fcr 1, 2 oder 3 Personen (kleiner als das Dreibettzimmer) DOPPELZIMMER MIT ZWEI ZUSATZBETTEN ein Doppelzimmer mit zwei zus\u00e4tzlichen Einzelbetten f\u00fcr 1, [&hellip;]","og_url":"https:\/\/www.hotelitaliaverona.it\/de\/unsere-zimmer\/economy-doppelzimmer\/","og_site_name":"Hotel Italia Verona","article_modified_time":"2025-02-16T09:55:03+00:00","twitter_card":"summary_large_image","twitter_misc":{"Gesch\u00e4tzte Lesezeit":"1 Minute"},"schema":{"@context":"https:\/\/schema.org","@graph":[{"@type":"WebPage","@id":"https:\/\/www.hotelitaliaverona.it\/de\/unsere-zimmer\/economy-doppelzimmer\/","url":"https:\/\/www.hotelitaliaverona.it\/de\/unsere-zimmer\/economy-doppelzimmer\/","name":"Economy Zimmer - Hotel Italia Verona","isPartOf":{"@id":"https:\/\/www.hotelitaliaverona.it\/de\/#website"},"datePublished":"2021-06-09T10:42:02+00:00","dateModified":"2025-02-16T09:55:03+00:00","breadcrumb":{"@id":"https:\/\/www.hotelitaliaverona.it\/de\/unsere-zimmer\/economy-doppelzimmer\/#breadcrumb"},"inLanguage":"de-DE","potentialAction":[{"@type":"ReadAction","target":["https:\/\/www.hotelitaliaverona.it\/de\/unsere-zimmer\/economy-doppelzimmer\/"]}]},{"@type":"BreadcrumbList","@id":"https:\/\/www.hotelitaliaverona.it\/de\/unsere-zimmer\/economy-doppelzimmer\/#breadcrumb","itemListElement":[{"@type":"ListItem","position":1,"name":"Home","item":"https:\/\/www.hotelitaliaverona.it\/de\/"},{"@type":"ListItem","position":2,"name":"Unsere Zimmer","item":"https:\/\/www.hotelitaliaverona.it\/de\/unsere-zimmer\/"},{"@type":"ListItem","position":3,"name":"Economy Zimmer"}]},{"@type":"WebSite","@id":"https:\/\/www.hotelitaliaverona.it\/de\/#website","url":"https:\/\/www.hotelitaliaverona.it\/de\/","name":"Hotel Italia Verona","description":"Just another ms.decms.eu site","potentialAction":[{"@type":"SearchAction","target":{"@type":"EntryPoint","urlTemplate":"https:\/\/www.hotelitaliaverona.it\/de\/?s={search_term_string}"},"query-input":{"@type":"PropertyValueSpecification","valueRequired":true,"valueName":"search_term_string"}}],"inLanguage":"de-DE"}]}},"acf":[],"_links":{"self":[{"href":"https:\/\/www.hotelitaliaverona.it\/de\/wp-json\/wp\/v2\/pages\/177","targetHints":{"allow":["GET"]}}],"collection":[{"href":"https:\/\/www.hotelitaliaverona.it\/de\/wp-json\/wp\/v2\/pages"}],"about":[{"href":"https:\/\/www.hotelitaliaverona.it\/de\/wp-json\/wp\/v2\/types\/page"}],"author":[{"embeddable":true,"href":"https:\/\/www.hotelitaliaverona.it\/de\/wp-json\/wp\/v2\/users\/7"}],"replies":[{"embeddable":true,"href":"https:\/\/www.hotelitaliaverona.it\/de\/wp-json\/wp\/v2\/comments?post=177"}],"version-history":[{"count":0,"href":"https:\/\/www.hotelitaliaverona.it\/de\/wp-json\/wp\/v2\/pages\/177\/revisions"}],"up":[{"embeddable":true,"href":"https:\/\/www.hotelitaliaverona.it\/de\/wp-json\/wp\/v2\/pages\/72"}],"wp:attachment":[{"href":"https:\/\/www.hotelitaliaverona.it\/de\/wp-json\/wp\/v2\/media?parent=177"}],"curies":[{"name":"wp","href":"https:\/\/api.w.org\/{rel}","templated":true}]}}