{"id":171,"date":"2021-06-09T10:40:03","date_gmt":"2021-06-09T10:40:03","guid":{"rendered":"https:\/\/italiaverona.ms.decms.eu\/?page_id=171"},"modified":"2021-06-09T10:40:03","modified_gmt":"2021-06-09T10:40:03","slug":"standard-doppelzimmer","status":"publish","type":"page","link":"https:\/\/www.hotelitaliaverona.it\/de\/unsere-zimmer\/standard-doppelzimmer\/","title":{"rendered":"Standard Doppelzimmer"},"content":{"rendered":"<p>Ein konfortable standard Zimmer mit Doppelbett f\u00fcr die einsamreisende G\u00e4ste oder f\u00fcr eine Paar. Auf Wunsch k\u00f6nnen die G\u00e4ste mit zwei Einzelbetten ausgestattet werden.<\/p>\n","protected":false},"excerpt":{"rendered":"<p>Ein konfortable standard Zimmer mit Doppelbett f\u00fcr die einsamreisende G\u00e4ste oder f\u00fcr eine Paar. Auf Wunsch k\u00f6nnen die G\u00e4ste mit zwei Einzelbetten ausgestattet werden.<\/p>\n","protected":false},"author":7,"featured_media":0,"parent":72,"menu_order":3,"comment_status":"closed","ping_status":"closed","template":"template-single-room.php","meta":{"footnotes":""},"class_list":["post-171","page","type-page","status-publish","hentry"],"yoast_head":"<!-- This site is optimized with the Yoast SEO plugin v26.9 - https:\/\/yoast.com\/product\/yoast-seo-wordpress\/ -->\n<title>Standard Doppelzimmer - Hotel Italia Verona<\/title>\n<meta name=\"robots\" content=\"index, follow, max-snippet:-1, max-image-preview:large, max-video-preview:-1\" \/>\n<link rel=\"canonical\" href=\"https:\/\/www.hotelitaliaverona.it\/de\/unsere-zimmer\/standard-doppelzimmer\/\" \/>\n<meta property=\"og:locale\" content=\"de_DE\" \/>\n<meta property=\"og:type\" content=\"article\" \/>\n<meta property=\"og:title\" content=\"Standard Doppelzimmer - Hotel Italia Verona\" \/>\n<meta property=\"og:description\" content=\"Ein konfortable standard Zimmer mit Doppelbett f\u00fcr die einsamreisende G\u00e4ste oder f\u00fcr eine Paar. Auf Wunsch k\u00f6nnen die G\u00e4ste mit zwei Einzelbetten ausgestattet werden.\" \/>\n<meta property=\"og:url\" content=\"https:\/\/www.hotelitaliaverona.it\/de\/unsere-zimmer\/standard-doppelzimmer\/\" \/>\n<meta property=\"og:site_name\" content=\"Hotel Italia Verona\" \/>\n<meta name=\"twitter:card\" content=\"summary_large_image\" \/>\n<script type=\"application\/ld+json\" class=\"yoast-schema-graph\">{\"@context\":\"https:\/\/schema.org\",\"@graph\":[{\"@type\":\"WebPage\",\"@id\":\"https:\/\/www.hotelitaliaverona.it\/de\/unsere-zimmer\/standard-doppelzimmer\/\",\"url\":\"https:\/\/www.hotelitaliaverona.it\/de\/unsere-zimmer\/standard-doppelzimmer\/\",\"name\":\"Standard Doppelzimmer - Hotel Italia Verona\",\"isPartOf\":{\"@id\":\"https:\/\/www.hotelitaliaverona.it\/de\/#website\"},\"datePublished\":\"2021-06-09T10:40:03+00:00\",\"breadcrumb\":{\"@id\":\"https:\/\/www.hotelitaliaverona.it\/de\/unsere-zimmer\/standard-doppelzimmer\/#breadcrumb\"},\"inLanguage\":\"de-DE\",\"potentialAction\":[{\"@type\":\"ReadAction\",\"target\":[\"https:\/\/www.hotelitaliaverona.it\/de\/unsere-zimmer\/standard-doppelzimmer\/\"]}]},{\"@type\":\"BreadcrumbList\",\"@id\":\"https:\/\/www.hotelitaliaverona.it\/de\/unsere-zimmer\/standard-doppelzimmer\/#breadcrumb\",\"itemListElement\":[{\"@type\":\"ListItem\",\"position\":1,\"name\":\"Home\",\"item\":\"https:\/\/www.hotelitaliaverona.it\/de\/\"},{\"@type\":\"ListItem\",\"position\":2,\"name\":\"Unsere Zimmer\",\"item\":\"https:\/\/www.hotelitaliaverona.it\/de\/unsere-zimmer\/\"},{\"@type\":\"ListItem\",\"position\":3,\"name\":\"Standard Doppelzimmer\"}]},{\"@type\":\"WebSite\",\"@id\":\"https:\/\/www.hotelitaliaverona.it\/de\/#website\",\"url\":\"https:\/\/www.hotelitaliaverona.it\/de\/\",\"name\":\"Hotel Italia Verona\",\"description\":\"Just another ms.decms.eu site\",\"potentialAction\":[{\"@type\":\"SearchAction\",\"target\":{\"@type\":\"EntryPoint\",\"urlTemplate\":\"https:\/\/www.hotelitaliaverona.it\/de\/?s={search_term_string}\"},\"query-input\":{\"@type\":\"PropertyValueSpecification\",\"valueRequired\":true,\"valueName\":\"search_term_string\"}}],\"inLanguage\":\"de-DE\"}]}<\/script>\n<!-- \/ Yoast SEO plugin. -->","yoast_head_json":{"title":"Standard Doppelzimmer - Hotel Italia Verona","robots":{"index":"index","follow":"follow","max-snippet":"max-snippet:-1","max-image-preview":"max-image-preview:large","max-video-preview":"max-video-preview:-1"},"canonical":"https:\/\/www.hotelitaliaverona.it\/de\/unsere-zimmer\/standard-doppelzimmer\/","og_locale":"de_DE","og_type":"article","og_title":"Standard Doppelzimmer - Hotel Italia Verona","og_description":"Ein konfortable standard Zimmer mit Doppelbett f\u00fcr die einsamreisende G\u00e4ste oder f\u00fcr eine Paar. Auf Wunsch k\u00f6nnen die G\u00e4ste mit zwei Einzelbetten ausgestattet werden.","og_url":"https:\/\/www.hotelitaliaverona.it\/de\/unsere-zimmer\/standard-doppelzimmer\/","og_site_name":"Hotel Italia Verona","twitter_card":"summary_large_image","schema":{"@context":"https:\/\/schema.org","@graph":[{"@type":"WebPage","@id":"https:\/\/www.hotelitaliaverona.it\/de\/unsere-zimmer\/standard-doppelzimmer\/","url":"https:\/\/www.hotelitaliaverona.it\/de\/unsere-zimmer\/standard-doppelzimmer\/","name":"Standard Doppelzimmer - Hotel Italia Verona","isPartOf":{"@id":"https:\/\/www.hotelitaliaverona.it\/de\/#website"},"datePublished":"2021-06-09T10:40:03+00:00","breadcrumb":{"@id":"https:\/\/www.hotelitaliaverona.it\/de\/unsere-zimmer\/standard-doppelzimmer\/#breadcrumb"},"inLanguage":"de-DE","potentialAction":[{"@type":"ReadAction","target":["https:\/\/www.hotelitaliaverona.it\/de\/unsere-zimmer\/standard-doppelzimmer\/"]}]},{"@type":"BreadcrumbList","@id":"https:\/\/www.hotelitaliaverona.it\/de\/unsere-zimmer\/standard-doppelzimmer\/#breadcrumb","itemListElement":[{"@type":"ListItem","position":1,"name":"Home","item":"https:\/\/www.hotelitaliaverona.it\/de\/"},{"@type":"ListItem","position":2,"name":"Unsere Zimmer","item":"https:\/\/www.hotelitaliaverona.it\/de\/unsere-zimmer\/"},{"@type":"ListItem","position":3,"name":"Standard Doppelzimmer"}]},{"@type":"WebSite","@id":"https:\/\/www.hotelitaliaverona.it\/de\/#website","url":"https:\/\/www.hotelitaliaverona.it\/de\/","name":"Hotel Italia Verona","description":"Just another ms.decms.eu site","potentialAction":[{"@type":"SearchAction","target":{"@type":"EntryPoint","urlTemplate":"https:\/\/www.hotelitaliaverona.it\/de\/?s={search_term_string}"},"query-input":{"@type":"PropertyValueSpecification","valueRequired":true,"valueName":"search_term_string"}}],"inLanguage":"de-DE"}]}},"acf":[],"_links":{"self":[{"href":"https:\/\/www.hotelitaliaverona.it\/de\/wp-json\/wp\/v2\/pages\/171","targetHints":{"allow":["GET"]}}],"collection":[{"href":"https:\/\/www.hotelitaliaverona.it\/de\/wp-json\/wp\/v2\/pages"}],"about":[{"href":"https:\/\/www.hotelitaliaverona.it\/de\/wp-json\/wp\/v2\/types\/page"}],"author":[{"embeddable":true,"href":"https:\/\/www.hotelitaliaverona.it\/de\/wp-json\/wp\/v2\/users\/7"}],"replies":[{"embeddable":true,"href":"https:\/\/www.hotelitaliaverona.it\/de\/wp-json\/wp\/v2\/comments?post=171"}],"version-history":[{"count":0,"href":"https:\/\/www.hotelitaliaverona.it\/de\/wp-json\/wp\/v2\/pages\/171\/revisions"}],"up":[{"embeddable":true,"href":"https:\/\/www.hotelitaliaverona.it\/de\/wp-json\/wp\/v2\/pages\/72"}],"wp:attachment":[{"href":"https:\/\/www.hotelitaliaverona.it\/de\/wp-json\/wp\/v2\/media?parent=171"}],"curies":[{"name":"wp","href":"https:\/\/api.w.org\/{rel}","templated":true}]}}